{"id":388,"date":"2025-03-22T10:02:41","date_gmt":"2025-03-22T09:02:41","guid":{"rendered":"https:\/\/osvita.kielce.eu\/?page_id=388"},"modified":"2025-09-01T14:42:28","modified_gmt":"2025-09-01T12:42:28","slug":"pro-platformu","status":"publish","type":"page","link":"https:\/\/osvita.kielce.eu\/pl\/pro-platformu\/","title":{"rendered":"O platformie"},"content":{"rendered":"<p>Platforma OSVITA jest internetowym miejscem, kt\u00f3re ma na celu zapewnienie wsparcia edukacyjnego dla spo\u0142eczno\u015bci ukrai\u0144skiej w Kielcach. Platforma jest w pe\u0142ni funkcjonalna i dost\u0119pna dla u\u017cytkownik\u00f3w. Pracujemy nad kolejnymi funkcjami, kt\u00f3re dodatkowo b\u0119d\u0105 poszerza\u0107 jej mo\u017cliwo\u015bci.<\/p>\n\n\n\n<h3 class=\"wp-block-heading\"><strong>G\u0142\u00f3wne funkcje platformy<\/strong><\/h3>\n\n\n\n<p>\ud83d\udd39 <strong>Rekrutacja do przedszkoli i szk\u00f3\u0142<\/strong><br>Zawiera informacje na temat rekrutacji do przedszkoli i szk\u00f3\u0142, w tym czasie kampanii wprowadzaj\u0105cej, niezb\u0119dne dokumenty i krok po kroku instrukcje dotycz\u0105ce zwrotu dziecka w szkole.<\/p>\n\n\n\n<p>\ud83d\udd39 <strong>Przewodnik dla rodzic\u00f3w<\/strong><br>Praktyczne porady dotycz\u0105ce wyboru szko\u0142y, procesu rejestracji, niedrogie programy wsparcia i organizacji roku szkolnego.<\/p>\n\n\n\n<p>\ud83d\udd39 <strong>Baza plac\u00f3wek o\u015bwiatowych<\/strong><br>Zawiera pe\u0142n\u0105 list\u0119 szk\u00f3\u0142, przedszkoli oraz innych plac\u00f3wek o\u015bwiatowych w Kielcach z podzia\u0142em na plac\u00f3wki publiczne i prywatne.<\/p>\n\n\n\n<p>\ud83d\udd39 <strong>Wsparcie w nauce j\u0119zyka polskiego<\/strong><br>Zasoby i kursy, kt\u00f3re pomog\u0105 dzieciom i doros\u0142ym uczy\u0107 si\u0119 j\u0119zyka polskiego jako j\u0119zyka obcego, w tym zaj\u0119cia integracyjne i materia\u0142y szkoleniowe.<\/p>\n\n\n\n<p>\ud83d\udd39 <strong>Warto odwiedzi\u0107<\/strong><br>Zbi\u00f3r portali edukacyjnych, kt\u00f3re dostarczaj\u0105 aktualnych informacji na temat systemu edukacji w Polsce.<\/p>\n\n\n\n<p>\ud83d\udd39 <strong>Najcz\u0119\u015bciej zadawane pytania i odpowiedzi<\/strong><br>Zbi\u00f3r najcz\u0119\u015bciej zadawanych pyta\u0144 dotycz\u0105cych edukacji w Kielcach, obejmuj\u0105cy procedury, terminy, wymagania oraz mo\u017cliwo\u015bci uzyskania wsparcia.<\/p>\n\n\n\n<div style=\"height:100px\" aria-hidden=\"true\" class=\"wp-block-spacer\"><\/div>","protected":false},"excerpt":{"rendered":"<p>\u041f\u043b\u0430\u0442\u0444\u043e\u0440\u043c\u0430 OSVITA \u2013 \u0446\u0435 \u043e\u043d\u043b\u0430\u0439\u043d-\u0440\u0435\u0441\u0443\u0440\u0441, \u0441\u0442\u0432\u043e\u0440\u0435\u043d\u0438\u0439 \u0434\u043b\u044f \u043d\u0430\u0434\u0430\u043d\u043d\u044f \u043e\u0441\u0432\u0456\u0442\u043d\u044c\u043e\u0457 \u043f\u0456\u0434\u0442\u0440\u0438\u043c\u043a\u0438 \u0443\u043a\u0440\u0430\u0457\u043d\u0441\u044c\u043a\u0456\u0439 \u0433\u0440\u043e\u043c\u0430\u0434\u0456 \u0432 \u041a\u0435\u043b\u044c\u0446\u044f\u0445. \u041f\u043b\u0430\u0442\u0444\u043e\u0440\u043c\u0430 \u0454 \u043f\u043e\u0432\u043d\u0456\u0441\u0442\u044e \u0444\u0443\u043d\u043a\u0446\u0456\u043e\u043d\u0430\u043b\u044c\u043d\u043e\u044e \u0442\u0430 \u0434\u043e\u0441\u0442\u0443\u043f\u043d\u043e\u044e \u0434\u043b\u044f \u043a\u043e\u0440\u0438\u0441\u0442\u0443\u0432\u0430\u0447\u0456\u0432. \u041c\u0438 \u043f\u0440\u0430\u0446\u044e\u0454\u043c\u043e \u043d\u0430\u0434 \u043d\u043e\u0432\u0438\u043c\u0438 \u0444\u0443\u043d\u043a\u0446\u0456\u044f\u043c\u0438, \u044f\u043a\u0456 \u0434\u043e\u0434\u0430\u0442\u043a\u043e\u0432\u043e \u0440\u043e\u0437\u0448\u0438\u0440\u044e\u0432\u0430\u0442\u0438\u043c\u0443\u0442\u044c \u0457\u0457 \u043c\u043e\u0436\u043b\u0438\u0432\u043e\u0441\u0442\u0456. \u041e\u0441\u043d\u043e\u0432\u043d\u0456 \u0444\u0443\u043d\u043a\u0446\u0456\u0457 \u043f\u043b\u0430\u0442\u0444\u043e\u0440\u043c\u0438 \ud83d\udd39 \u0420\u0435\u043a\u0440\u0443\u0442\u043a\u0430\u0446\u0456\u044f \u0434\u043e \u0434\u0438\u0442\u044f\u0447\u0438\u0445 \u0441\u0430\u0434\u043a\u0456\u0432 \u0442\u0430 \u0448\u043a\u0456\u043b\u041c\u0456\u0441\u0442\u0438\u0442\u044c \u0456\u043d\u0444\u043e\u0440\u043c\u0430\u0446\u0456\u044e \u043f\u0440\u043e \u043d\u0430\u0431\u0456\u0440 \u0434\u043e \u0434\u0438\u0442\u044f\u0447\u0438\u0445 \u0441\u0430\u0434\u043a\u0456\u0432 \u0456 \u0448\u043a\u0456\u043b, \u0432\u043a\u043b\u044e\u0447\u0430\u044e\u0447\u0438 \u0442\u0435\u0440\u043c\u0456\u043d\u0438 \u0432\u0441\u0442\u0443\u043f\u043d\u043e\u0457 \u043a\u0430\u043c\u043f\u0430\u043d\u0456\u0457, \u043d\u0435\u043e\u0431\u0445\u0456\u0434\u043d\u0456 [&hellip;]<\/p>","protected":false},"author":1,"featured_media":392,"parent":0,"menu_order":0,"comment_status":"closed","ping_status":"closed","template":"","meta":{"footnotes":""},"class_list":["post-388","page","type-page","status-publish","has-post-thumbnail","hentry"],"_links":{"self":[{"href":"https:\/\/osvita.kielce.eu\/pl\/wp-json\/wp\/v2\/pages\/388","targetHints":{"allow":["GET"]}}],"collection":[{"href":"https:\/\/osvita.kielce.eu\/pl\/wp-json\/wp\/v2\/pages"}],"about":[{"href":"https:\/\/osvita.kielce.eu\/pl\/wp-json\/wp\/v2\/types\/page"}],"author":[{"embeddable":true,"href":"https:\/\/osvita.kielce.eu\/pl\/wp-json\/wp\/v2\/users\/1"}],"replies":[{"embeddable":true,"href":"https:\/\/osvita.kielce.eu\/pl\/wp-json\/wp\/v2\/comments?post=388"}],"version-history":[{"count":15,"href":"https:\/\/osvita.kielce.eu\/pl\/wp-json\/wp\/v2\/pages\/388\/revisions"}],"predecessor-version":[{"id":917,"href":"https:\/\/osvita.kielce.eu\/pl\/wp-json\/wp\/v2\/pages\/388\/revisions\/917"}],"wp:featuredmedia":[{"embeddable":true,"href":"https:\/\/osvita.kielce.eu\/pl\/wp-json\/wp\/v2\/media\/392"}],"wp:attachment":[{"href":"https:\/\/osvita.kielce.eu\/pl\/wp-json\/wp\/v2\/media?parent=388"}],"curies":[{"name":"wp","href":"https:\/\/api.w.org\/{rel}","templated":true}]}}