{"id":409,"date":"2025-03-23T11:35:53","date_gmt":"2025-03-23T10:35:53","guid":{"rendered":"https:\/\/osvita.kielce.eu\/?page_id=409"},"modified":"2025-03-26T10:38:49","modified_gmt":"2025-03-26T09:38:49","slug":"polityka-konfidentsiinosti","status":"publish","type":"page","link":"https:\/\/osvita.kielce.eu\/pl\/polityka-konfidentsiinosti\/","title":{"rendered":"Polityka prywatno\u015bci"},"content":{"rendered":"<p class=\"translation-block\">Niniejsza Polityka Prywatno\u015bci okre\u015bla warunki dotycz\u0105ce korzystania przez u\u017cytkownik\u00f3w ko\u0144cowych, ze strony internetowej osvita.kielce.eu.\nTre\u015b\u0107 Polityki Prywatno\u015bci mo\u017ce ulec zmianie.\nKorzystaj\u0105c w dowolny spos\u00f3b z serwisu internetowego osvita.kielce.eu, u\u017cytkownik ko\u0144cowy akceptuje warunki okre\u015blone w poni\u017cszej Polityce Prywatno\u015bci.<\/p>\n\n\n\n<h3 class=\"wp-block-heading\"><strong>DANE OSOBOWE<\/strong><\/h3>\n\n\n\n<p class=\"translation-block\">Strona internetowa osvita.kielce.eu nie posiada formularzy umo\u017cliwiaj\u0105cych u\u017cytkownikom ko\u0144cowym przesy\u0142anie jakichkolwiek danych oraz nie daje im mo\u017cliwo\u015bci komentowania i edycji zawarto\u015bci witryny, a tym samym nie umo\u017cliwia przekazywania za jej po\u015brednictwem oraz zamieszczania na niej danych osobowych.\nDane osobowe na \u0142amach strony internetowej osvita.kielce.eu mog\u0105 by\u0107 zamieszczane wy\u0142\u0105cznie przez administratora tej witryny i mog\u0105 by\u0107 publikowane jedynie za zgod\u0105 os\u00f3b kt\u00f3rych dotycz\u0105. Osoby te maj\u0105 prawo do \u017c\u0105dania usuni\u0119cia informacji pozwalaj\u0105cych na ich identyfikacj\u0119.<\/p>\n\n\n\n<h3 class=\"wp-block-heading\"><strong>ADRESY IP<\/strong><\/h3>\n\n\n\n<p>Serwer na kt\u00f3rym dzia\u0142a strona internetowa osvita.kielce.eu gromadzi adresy IP u\u017cytkownik\u00f3w, kt\u00f3re s\u0105 wykorzystywane wy\u0142\u0105cznie w zwi\u0105zku z diagnozowaniem problem\u00f3w technicznych zwi\u0105zanych z prac\u0105 serwera oraz analiz\u0105 narusze\u0144 bezpiecze\u0144stwa.<\/p>\n\n\n\n<h3 class=\"wp-block-heading\"><strong>PLIKI COOKIES<\/strong><\/h3>\n\n\n\n<p>Pliki cookies s\u0105 to ma\u0142e pliki tekstowe, przesy\u0142ane do urz\u0105dzenia u\u017cytkownika ko\u0144cowego podczas odwiedzania przez niego strony internetowej. Pliki cookies mog\u0105 zawiera\u0107 adres witryny internetowej z kt\u00f3rej pochodz\u0105, ustawienia dokonane przez u\u017cytkownika serwisu dotycz\u0105ce np. uk\u0142adu strony, rozmiaru tekstu, kolor\u00f3w, wersji kontrastowej oraz warto\u015b\u0107, kt\u00f3r\u0105 jest zazwyczaj automatycznie wygenerowany ci\u0105g liczb. Mechanizm cookies nie pobiera jakichkolwiek danych osobowych ani \u017cadnych informacji poufnych z urz\u0105dzenia u\u017cytkownika ko\u0144cowego.<\/p>\n\n\n\n<p>Strona internetowa osvita.kielce.eu wykorzystuje:<\/p>\n\n\n\n<ul class=\"wp-block-list\">\n<li class=\"translation-block\">\u201eCookies\u201d sesyjne \u2013 s\u0105 to tymczasowe informacje przechowywane w pami\u0119ci przegl\u0105darki do momentu zako\u0144czenia sesji przegl\u0105darki, czyli do momentu jej zamkni\u0119cia. Te cookies s\u0105 niezb\u0119dne, aby niekt\u00f3re aplikacje lub funkcjonalno\u015bci dzia\u0142a\u0142y poprawnie.<\/li>\n\n\n\n<li class=\"translation-block\">\u201eCookies\u201d sta\u0142e \u2013 dzi\u0119ki nim korzystanie z cz\u0119sto odwiedzanych stron jest \u0142atwiejsze (np. zapewniaj\u0105 optymaln\u0105 nawigacj\u0119, zapami\u0119tuj\u0105 wybran\u0105 rozdzielczo\u015b\u0107, uk\u0142ad tre\u015bci itp.). Te informacje pozostaj\u0105 w pami\u0119ci przegl\u0105darki przez d\u0142u\u017cszy okres. Czas ten zale\u017cy od wyboru, kt\u00f3rego mo\u017cna dokona\u0107 w ustawieniach przegl\u0105darki. Ten rodzaj cookies zezwala na przekazywanie informacji na serwer za ka\u017cdym razem, gdy odwiedzana jest dana strona.<\/li>\n<\/ul>\n\n\n\n<p>U\u017cytkownik ko\u0144cowy ma mo\u017cliwo\u015b\u0107 korzystania z serwisu internetowego bez wykorzystywania plik\u00f3w cookies, ale oznacza to, \u017ce niekt\u00f3re funkcje serwisu nie b\u0119d\u0105 dzia\u0142a\u0107 poprawnie. U\u017cytkownik ko\u0144cowy mo\u017ce samodzielnie i w ka\u017cdym czasie zmieni\u0107 ustawienia dotycz\u0105ce plik\u00f3w cookies, jak r\u00f3wnie\u017c mo\u017ce usun\u0105\u0107 pliki cookies korzystaj\u0105c z dost\u0119pnych funkcji w przegl\u0105darce internetowej, kt\u00f3rej u\u017cywa. w przypadku nie wyra\u017cenia zgody na korzystanie z plik\u00f3w cookies, u\u017cytkownik ko\u0144cowy winien zaznaczy\u0107 w ustawieniach przegl\u0105darki opcj\u0119 odrzucania plik\u00f3w cookies lub sygnalizowania ich przes\u0142ania.<\/p>\n\n\n\n<h4 class=\"wp-block-heading\"><strong>Zarz\u0105dzanie cookies<\/strong><\/h4>\n\n\n\n<p>W najpopularniejszych przegl\u0105darkach internetowych istnieje mo\u017cliwo\u015b\u0107:<\/p>\n\n\n\n<ul class=\"wp-block-list\">\n<li>zaakceptowania obs\u0142ugi \u201ecookies\u201d, co pozwoli na pe\u0142ne korzystanie z opcji oferowanych przez witryny internetowe;<\/li>\n\n\n\n<li>zarz\u0105dzania cookies na poziomie pojedynczych, wybranych przez u\u017cytkownika witryn;<\/li>\n\n\n\n<li>okre\u015blenia ustawie\u0144 dla r\u00f3\u017cnych typ\u00f3w \u201ecookie\u201d, na przyk\u0142ad akceptowania plik\u00f3w trwa\u0142ych jako sesyjnych itp.;<\/li>\n\n\n\n<li>blokowania lub usuwania cookies.<\/li>\n<\/ul>\n\n\n\n<h3 class=\"wp-block-heading\"><strong>ODNO\u015aNIKI I TRE\u015aCI OSADZONE Z INNYCH STRON INTERNETOWYCH<\/strong><\/h3>\n\n\n\n<p>Na stronie internetowej osvita.kielce.eu mog\u0105 by\u0107 zawarte tre\u015bci osadzone (np. filmy, zdj\u0119cia, mapy, przyciski itp.), pochodz\u0105ce z innych witryn, kt\u00f3rych dzia\u0142anie mo\u017ce by\u0107 takie, jakby odwiedzaj\u0105cy witryn\u0119 jednocze\u015bnie odwiedzi\u0142 drug\u0105 stron\u0119. Witryny te mog\u0105 zbiera\u0107 dane o u\u017cytkowniku, wykorzystywa\u0107 pliki cookies, osadza\u0107 dodatkowe \u015bledzenie stron trzecich i monitorowa\u0107 interakcj\u0119 z t\u0105 zawarto\u015bci\u0105 osadzon\u0105, w tym \u015bledzi\u0107 interakcj\u0119 z zawarto\u015bci\u0105 osadzon\u0105, je\u015bli u\u017cytkownik ma konto i jest zalogowany na tej stronie.<\/p>\n\n\n\n<p>Strona internetowa osvita.kielce.eu mo\u017ce r\u00f3wnie\u017c zawiera\u0107 odno\u015bniki do innych stron WWW, kt\u00f3re s\u0105 w\u0142asno\u015bci\u0105 oraz s\u0105 prowadzone przez niezale\u017cne jednostki. Jednostka nie odpowiada za \u015bcis\u0142o\u015b\u0107, zawarto\u015b\u0107 lub dost\u0119pno\u015b\u0107 informacji ani polityk\u0119 prywatno\u015bci serwis\u00f3w, do kt\u00f3rych odno\u015bniki prowadz\u0105.<\/p>","protected":false},"excerpt":{"rendered":"<p>\u0426\u044f \u041f\u043e\u043b\u0456\u0442\u0438\u043a\u0430 \u043a\u043e\u043d\u0444\u0456\u0434\u0435\u043d\u0446\u0456\u0439\u043d\u043e\u0441\u0442\u0456 \u0432\u0438\u0437\u043d\u0430\u0447\u0430\u0454 \u0443\u043c\u043e\u0432\u0438 \u0432\u0438\u043a\u043e\u0440\u0438\u0441\u0442\u0430\u043d\u043d\u044f \u043a\u0456\u043d\u0446\u0435\u0432\u0438\u043c\u0438 \u043a\u043e\u0440\u0438\u0441\u0442\u0443\u0432\u0430\u0447\u0430\u043c\u0438 \u0432\u0435\u0431-\u0441\u0430\u0439\u0442\u0443 osvita.kielce.eu.\u0417\u043c\u0456\u0441\u0442 \u041f\u043e\u043b\u0456\u0442\u0438\u043a\u0438 \u043a\u043e\u043d\u0444\u0456\u0434\u0435\u043d\u0446\u0456\u0439\u043d\u043e\u0441\u0442\u0456 \u043c\u043e\u0436\u0435 \u0437\u043c\u0456\u043d\u044e\u0432\u0430\u0442\u0438\u0441\u044f.\u041a\u043e\u0440\u0438\u0441\u0442\u0443\u044e\u0447\u0438\u0441\u044c \u0431\u0443\u0434\u044c-\u044f\u043a\u0438\u043c \u0441\u043f\u043e\u0441\u043e\u0431\u043e\u043c \u0432\u0435\u0431-\u0441\u0430\u0439\u0442\u043e\u043c osvita.kielce.eu, \u043a\u0456\u043d\u0446\u0435\u0432\u0438\u0439 \u043a\u043e\u0440\u0438\u0441\u0442\u0443\u0432\u0430\u0447 \u043f\u0440\u0438\u0439\u043c\u0430\u0454 \u0443\u043c\u043e\u0432\u0438, \u0432\u0438\u0437\u043d\u0430\u0447\u0435\u043d\u0456 \u0432 \u0446\u0456\u0439 \u041f\u043e\u043b\u0456\u0442\u0438\u0446\u0456 \u043a\u043e\u043d\u0444\u0456\u0434\u0435\u043d\u0446\u0456\u0439\u043d\u043e\u0441\u0442\u0456. \u041e\u0421\u041e\u0411\u0418\u0421\u0422\u0406 \u0414\u0410\u041d\u0406 \u0412\u0435\u0431-\u0441\u0430\u0439\u0442 osvita.kielce.eu \u043d\u0435 \u043c\u0456\u0441\u0442\u0438\u0442\u044c \u0444\u043e\u0440\u043c, \u044f\u043a\u0456 \u0434\u043e\u0437\u0432\u043e\u043b\u044f\u044e\u0442\u044c \u043a\u0456\u043d\u0446\u0435\u0432\u0438\u043c \u043a\u043e\u0440\u0438\u0441\u0442\u0443\u0432\u0430\u0447\u0430\u043c \u043f\u0435\u0440\u0435\u0434\u0430\u0432\u0430\u0442\u0438 \u0431\u0443\u0434\u044c-\u044f\u043a\u0456 \u0434\u0430\u043d\u0456, \u0430 \u0442\u0430\u043a\u043e\u0436 \u043d\u0435 \u0434\u0430\u0454 \u0457\u043c \u043c\u043e\u0436\u043b\u0438\u0432\u043e\u0441\u0442\u0456 \u043a\u043e\u043c\u0435\u043d\u0442\u0443\u0432\u0430\u0442\u0438 \u0430\u0431\u043e \u0440\u0435\u0434\u0430\u0433\u0443\u0432\u0430\u0442\u0438 \u0432\u043c\u0456\u0441\u0442 \u0441\u0430\u0439\u0442\u0443. \u0422\u0430\u043a\u0438\u043c \u0447\u0438\u043d\u043e\u043c, \u0441\u0430\u0439\u0442 [&hellip;]<\/p>","protected":false},"author":1,"featured_media":0,"parent":0,"menu_order":0,"comment_status":"closed","ping_status":"closed","template":"","meta":{"footnotes":""},"class_list":["post-409","page","type-page","status-publish","hentry"],"_links":{"self":[{"href":"https:\/\/osvita.kielce.eu\/pl\/wp-json\/wp\/v2\/pages\/409","targetHints":{"allow":["GET"]}}],"collection":[{"href":"https:\/\/osvita.kielce.eu\/pl\/wp-json\/wp\/v2\/pages"}],"about":[{"href":"https:\/\/osvita.kielce.eu\/pl\/wp-json\/wp\/v2\/types\/page"}],"author":[{"embeddable":true,"href":"https:\/\/osvita.kielce.eu\/pl\/wp-json\/wp\/v2\/users\/1"}],"replies":[{"embeddable":true,"href":"https:\/\/osvita.kielce.eu\/pl\/wp-json\/wp\/v2\/comments?post=409"}],"version-history":[{"count":4,"href":"https:\/\/osvita.kielce.eu\/pl\/wp-json\/wp\/v2\/pages\/409\/revisions"}],"predecessor-version":[{"id":546,"href":"https:\/\/osvita.kielce.eu\/pl\/wp-json\/wp\/v2\/pages\/409\/revisions\/546"}],"wp:attachment":[{"href":"https:\/\/osvita.kielce.eu\/pl\/wp-json\/wp\/v2\/media?parent=409"}],"curies":[{"name":"wp","href":"https:\/\/api.w.org\/{rel}","templated":true}]}}