{"id":481,"date":"2025-03-24T14:42:41","date_gmt":"2025-03-24T13:42:41","guid":{"rendered":"https:\/\/osvita.kielce.eu\/?page_id=481"},"modified":"2025-03-26T10:39:12","modified_gmt":"2025-03-26T09:39:12","slug":"priyom-do-zakladiv-serednoyi-osvity","status":"publish","type":"page","link":"https:\/\/osvita.kielce.eu\/pl\/priyom-do-zakladiv-serednoyi-osvity\/","title":{"rendered":"Rekrutacja do szk\u00f3\u0142 ponadpodstawowych"},"content":{"rendered":"<p>W tegorocznej rekrutacji od szk\u00f3\u0142 ponadpodstawowych miasto Kielce przygotowa\u0142o 2920 miejsc dla kandydat\u00f3w w 90 oddzia\u0142ach klas pierwszych, w tym:<\/p>\n\n\n\n<ul class=\"wp-block-list\">\n<li>48 oddzia\u0142\u00f3w w liceach og\u00f3lnokszta\u0142c\u0105cych,<\/li>\n\n\n\n<li>36 oddzia\u0142\u00f3w w technikach,<\/li>\n\n\n\n<li>6 oddzia\u0142\u00f3w w szko\u0142ach bran\u017cowych I stopnia.<\/li>\n<\/ul>\n\n\n\n<p>W tym roku zaplanowano dwa oddzia\u0142y przygotowuj\u0105ce uczni\u00f3w do matury mi\u0119dzynarodowej w VI Liceum Og\u00f3lnokszta\u0142c\u0105cym im. J. S\u0142owackiego oraz dwa oddzia\u0142y dwuj\u0119zyczne w II Liceum Og\u00f3lnokszta\u0142c\u0105cym im. j. \u015aniadeckiego i III Liceum Og\u00f3lnokszta\u0142c\u0105cym im. C.K. Norwida.\u00a0 Do tych oddzia\u0142\u00f3w kandydat musi przyst\u0105pi\u0107 do testu kompetencji j\u0119zykowej.<\/p>\n\n\n\n<p>Wychodz\u0105c naprzeciw oczekiwaniom i potrzebom m\u0142odzie\u017cy, miasto Kielce wprowadza w tym roku jeden test z j\u0119zyka angielskiego dla wszystkich tych oddzia\u0142\u00f3w. Kandydat przyst\u0105pi do testu raz w jednej szkole, a wynik b\u0119dzie liczony we wszystkich przez niego wybranych oddzia\u0142ach.<\/p>\n\n\n\n<p>Ponadto, w Technikum nr 2 im. Gen. W\u0142adys\u0142awa Sikorskiego w Zespole Szk\u00f3\u0142 Mechanicznych utworzony zostanie nowy kierunek kszta\u0142cenia: technik elektromobilno\u015bci.<\/p>\n\n\n\n<p class=\"translation-block\">Rekrutacja do szk\u00f3\u0142 ponadpodstawowych odbywa\u0107 si\u0119 b\u0119dzie, tak jak w poprzednich latach, poprzez System Elektronicznego Naboru dost\u0119pny na stronie internetowej <a class=\"\" href=\"https:\/\/kielce.e-omikron.pl\" target=\"_self\">https:\/\/kielce.e-omikron.pl<\/a>  (strona b\u0119dzie dost\u0119pna dla kandydat\u00f3w od pocz\u0105tku maja 2025 roku).<\/p>","protected":false},"excerpt":{"rendered":"<p>\u0423 \u0446\u044c\u043e\u0433\u043e\u0440\u0456\u0447\u043d\u043e\u043c\u0443 \u043d\u0430\u0431\u043e\u0440\u0456 \u0434\u043e \u0437\u0430\u043a\u043b\u0430\u0434\u0456\u0432 \u0441\u0435\u0440\u0435\u0434\u043d\u044c\u043e\u0457 \u043e\u0441\u0432\u0456\u0442\u0438 \u043c. \u041a\u0435\u043b\u044c\u0446\u0435 \u043f\u0456\u0434\u0433\u043e\u0442\u0443\u0432\u0430\u043b\u043e 2920 \u043c\u0456\u0441\u0446\u044c \u0434\u043b\u044f \u043a\u0430\u043d\u0434\u0438\u0434\u0430\u0442\u0456\u0432 \u0443 90 \u043a\u043b\u0430\u0441\u0430\u0445 \u043f\u0435\u0440\u0448\u0438\u0445 \u043a\u0443\u0440\u0441\u0456\u0432, \u0437\u043e\u043a\u0440\u0435\u043c\u0430: \u0426\u044c\u043e\u0433\u043e \u0440\u043e\u043a\u0443 \u0437\u0430\u043f\u043b\u0430\u043d\u043e\u0432\u0430\u043d\u043e \u0434\u0432\u0430 \u043a\u043b\u0430\u0441\u0438, \u0449\u043e \u0433\u043e\u0442\u0443\u0432\u0430\u0442\u0438\u043c\u0443\u0442\u044c \u0443\u0447\u043d\u0456\u0432 \u0434\u043e \u043c\u0456\u0436\u043d\u0430\u0440\u043e\u0434\u043d\u043e\u0433\u043e \u0456\u0441\u043f\u0438\u0442\u0443 \u043d\u0430 \u0430\u0442\u0435\u0441\u0442\u0430\u0442 \u0437\u0440\u0456\u043b\u043e\u0441\u0442\u0456 \u0432 VI \u0417\u0430\u0433\u0430\u043b\u044c\u043d\u043e\u043e\u0441\u0432\u0456\u0442\u043d\u044c\u043e\u043c\u0443 \u043b\u0456\u0446\u0435\u0457 \u0456\u043c. \u042e. \u0421\u043b\u043e\u0432\u0430\u0446\u044c\u043a\u043e\u0433\u043e, \u0430 \u0442\u0430\u043a\u043e\u0436 \u0434\u0432\u0430 \u0434\u0432\u043e\u043c\u043e\u0432\u043d\u0456 \u043a\u043b\u0430\u0441\u0438 \u0432 II \u0417\u0430\u0433\u0430\u043b\u044c\u043d\u043e\u043e\u0441\u0432\u0456\u0442\u043d\u044c\u043e\u043c\u0443 \u043b\u0456\u0446\u0435\u0457 \u0456\u043c. \u042f. \u0421\u043d\u044f\u0434\u0435\u0446\u044c\u043a\u043e\u0433\u043e \u0442\u0430 III [&hellip;]<\/p>","protected":false},"author":3,"featured_media":0,"parent":0,"menu_order":0,"comment_status":"closed","ping_status":"closed","template":"","meta":{"footnotes":""},"class_list":["post-481","page","type-page","status-publish","hentry"],"_links":{"self":[{"href":"https:\/\/osvita.kielce.eu\/pl\/wp-json\/wp\/v2\/pages\/481","targetHints":{"allow":["GET"]}}],"collection":[{"href":"https:\/\/osvita.kielce.eu\/pl\/wp-json\/wp\/v2\/pages"}],"about":[{"href":"https:\/\/osvita.kielce.eu\/pl\/wp-json\/wp\/v2\/types\/page"}],"author":[{"embeddable":true,"href":"https:\/\/osvita.kielce.eu\/pl\/wp-json\/wp\/v2\/users\/3"}],"replies":[{"embeddable":true,"href":"https:\/\/osvita.kielce.eu\/pl\/wp-json\/wp\/v2\/comments?post=481"}],"version-history":[{"count":3,"href":"https:\/\/osvita.kielce.eu\/pl\/wp-json\/wp\/v2\/pages\/481\/revisions"}],"predecessor-version":[{"id":603,"href":"https:\/\/osvita.kielce.eu\/pl\/wp-json\/wp\/v2\/pages\/481\/revisions\/603"}],"wp:attachment":[{"href":"https:\/\/osvita.kielce.eu\/pl\/wp-json\/wp\/v2\/media?parent=481"}],"curies":[{"name":"wp","href":"https:\/\/api.w.org\/{rel}","templated":true}]}}