{"id":489,"date":"2025-03-24T14:50:55","date_gmt":"2025-03-24T13:50:55","guid":{"rendered":"https:\/\/osvita.kielce.eu\/?page_id=489"},"modified":"2025-04-22T11:33:00","modified_gmt":"2025-04-22T09:33:00","slug":"rekrutatsiia-do-dytiachykh-sadkiv","status":"publish","type":"page","link":"https:\/\/osvita.kielce.eu\/pl\/rekrutatsiia-do-dytiachykh-sadkiv\/","title":{"rendered":"Rekrutacja do przedszkoli"},"content":{"rendered":"<h4 class=\"wp-block-heading\"><strong>Rekrutacja do publicznych przedszkoli i oddzia\u0142\u00f3w przedszkolnych w publicznych szko\u0142ach podstawowych na terenie Miasta Kielce na rok szkolny 2025\/2026<\/strong><\/h4>\n\n\n\n<p><strong>05.03.2025r. \u2013 11.03.2025r. do godz. 15:00<\/strong> \u2013 odbywa si\u0119 potwierdzanie woli przez rodzic\u00f3w dzieci, ju\u017c ucz\u0119szczaj\u0105cych do przedszkola, o dalszym korzystaniu z us\u0142ug tej samej jednostki. Rodzice dzieci ju\u017c ucz\u0119szczaj\u0105cych do przedszkoli, kt\u00f3rzy chc\u0105, aby dziecko w kolejnym roku szkolnym ucz\u0119szcza\u0142o do tego przedszkola, sk\u0142adaj\u0105 potwierdzenie osobi\u015bcie lub wysy\u0142aj\u0105c skan potwierdzenia emailem do plac\u00f3wki.\u00a0<\/p>\n\n\n\n<p class=\"translation-block\"><strong>12.03.2025r. \u2013 20.03.2025r. do godz. 15:00<\/strong> \u2013 przyjmowanie poda\u0144 od rodzic\u00f3w po raz pierwszy zapisuj\u0105cych dziecko do danego przedszkola\/szko\u0142y. Dane dziecka nale\u017cy wprowadzi\u0107 do systemu za pomoc\u0105 Internetu wype\u0142niaj\u0105c umieszczony na stronie\u00a0 <a href=\"https:\/\/rekrutacje-kielce.pzo.edu.pl\/formico-public\/\" target=\"_blank\" rel=\"noreferrer noopener\">https:\/\/rekrutacje-kielce.pzo.edu.pl\/formico-public\/<\/a> (<strong><u>logowanie si\u0119 na stronie mo\u017cliwe b\u0119dzie od 12.03.2025r.\u00a0 do\u00a0 20.03.2025r<\/u><\/strong>.) wniosek, kt\u00f3ry\u00a0po\u00a0wype\u0142nieniu\u00a0nale\u017cy\u00a0wydrukowa\u0107 i\u00a0dostarczy\u0107\u00a0do\u00a0plac\u00f3wki, <strong><u>kt\u00f3ra zosta\u0142a wybrana na pierwszej pozycji<\/u><\/strong>, w\u00a0celu\u00a0zatwierdzenia. Wniosek b\u0119dzie mo\u017cna r\u00f3wnie\u017c z\u0142o\u017cy\u0107, podpisuj\u0105c go w systemie przez profil zaufany (w takim przypadku nie b\u0119dzie ju\u017c potrzeby osobistego dostarczania wniosku), a tak\u017ce wysy\u0142aj\u0105c na email plac\u00f3wki pierwszego wyboru skan podpisanego wniosku i o\u015bwiadcze\u0144.<\/p>\n\n\n\n<p>Zgodnie z uchwa\u0142\u0105 nr VII\/78\/2019 Rady Miasta Kielce z dnia 21 lutego 2019r., rodzic mo\u017ce wybra\u0107\u00a0<strong><u>dowoln\u0105\u00a0liczb\u0119\u00a0plac\u00f3wek<\/u><\/strong>.<\/p>\n\n\n\n<p><strong>11.04.2025r. do godziny 15:00<\/strong> \u2013 podanie do publicznej wiadomo\u015bci (<strong><u>poprzez wywieszenie list w plac\u00f3wkach, a tak\u017ce po zalogowaniu si\u0119 na swoje konto w systemie)<\/u><\/strong> listy kandydat\u00f3w zakwalifikowanych i kandydat\u00f3w niezakwalifikowanych<\/p>\n\n\n\n<p><strong>do 17.04.2025r. do godziny 15:00<\/strong> \u2013 potwierdzanie przez rodzic\u00f3w dzieci nowoprzyj\u0119tych woli korzystania z us\u0142ug danej plac\u00f3wki, do kt\u00f3rej zakwalifikowa\u0142o si\u0119 dziecko. Brak z\u0142o\u017cenia takiego potwierdzenia b\u0119dzie skutkowa\u0142 nieprzyj\u0119ciem dziecka do danej plac\u00f3wki.<\/p>\n\n\n\n<p><strong>2<\/strong><strong>3.04.2025r. do godziny 12:00<\/strong> \u2013 podanie do publicznej wiadomo\u015bci (poprzez wywieszenie w\u00a0plac\u00f3wkach)\u00a0listy\u00a0kandydat\u00f3w\u00a0przyj\u0119tych\u00a0i\u00a0kandydat\u00f3w\u00a0nieprzyj\u0119tych\u00a0do\u00a0danej plac\u00f3wki.<\/p>\n\n\n\n<p>Zgodnie z ustaw\u0105 prawo o\u015bwiatowe (art. 131), do publicznego przedszkola, oddzia\u0142u przedszkolnego w szkole podstawowej lub publicznej innej formy wychowania przedszkolnego, przyjmuje si\u0119 kandydat\u00f3w zamieszka\u0142ych na obszarze danej gminy. Zgodnie z ustaw\u0105 o ewidencji ludno\u015bci - Obywatel polski przebywaj\u0105cy na terytorium Rzeczypospolitej Polskiej jest obowi\u0105zany wykonywa\u0107 <strong><u>obowi\u0105zek meldunkowy<\/u><\/strong> polegaj\u0105cy na zameldowaniu si\u0119 \u2013 zgodnie z rodzajem pobytu w\u00a0danym miejscu \u2013 na pobyt sta\u0142y b\u0105d\u017a czasowy.<\/p>\n\n\n\n<p>Kandydaci zamieszkali poza obszarem danej gminy mog\u0105 by\u0107 przyj\u0119cia do publicznego lub oddzia\u0142u przedszkolnego w publicznej szkole podstawowej na terenie danej gminy, je\u017celi po przeprowadzeniu post\u0119powania rekrutacyjnego gmina dysponuje nadal wolnymi miejscami.<\/p>\n\n\n\n<p>W post\u0119powaniu rekrutacyjnym do publicznych\u00a0 przedszkoli i oddzia\u0142\u00f3w przedszkolnych w\u00a0publicznych szko\u0142ach podstawowych na rok szkolny 2025\/2026 obowi\u0105zuj\u0105:<\/p>\n\n\n\n<ul class=\"wp-block-list\">\n<li>kryteria okre\u015blone w ustawie prawo o\u015bwiatowe tzw. kryteria ustawowe,<\/li>\n\n\n\n<li>kryteria ustalone przez Rad\u0119 Miasta Kielce uchwa\u0142\u0105 nr XLIX\/1107\/2017 z dnia 7 grudnia 2017r. oraz uchwa\u0142\u0105 nr XXV\/454\/2020 z dnia 16 stycznia 2020r.<\/li>\n<\/ul>\n\n\n\n<figure class=\"wp-block-table\"><table class=\"has-fixed-layout\"><tbody><tr><td><strong>nr<\/strong><\/td><td><strong>Kryteria<\/strong><\/td><td><strong>Liczba punkt\u00f3w<\/strong><\/td><\/tr><tr><td colspan=\"3\"><strong>Prawne kryteria<\/strong><\/td><\/tr><tr><td>1.<\/td><td>&nbsp;Wielodzietno\u015b\u0107 rodziny kandydata<\/td><td><strong>200<\/strong><\/td><\/tr><tr><td>2.<\/td><td>&nbsp;Niepe\u0142nosprawno\u015b\u0107 kandydata<\/td><td><strong>200<\/strong><\/td><\/tr><tr><td>3.<\/td><td>&nbsp;Niepe\u0142nosprawno\u015b\u0107 jednego z rodzic\u00f3w kandydata<\/td><td><strong>200<\/strong><\/td><\/tr><tr><td>4.<\/td><td>&nbsp;Niepe\u0142nosprawno\u015b\u0107 obojga rodzic\u00f3w kandydata<\/td><td><strong>200<\/strong><\/td><\/tr><tr><td>5.<\/td><td>&nbsp;Niepe\u0142nosprawno\u015b\u0107 rodze\u0144stwa kandydata<\/td><td><strong>200<\/strong><\/td><\/tr><tr><td>6.<\/td><td>&nbsp;Samotne wychowywanie kandydata w rodzinie<\/td><td><strong>200<\/strong><\/td><\/tr><tr><td>7.<\/td><td>&nbsp;\u00a0Obj\u0119cie kandydata piecz\u0105 zast\u0119pcz\u0105<\/td><td><strong>200<\/strong><\/td><\/tr><tr><td colspan=\"3\"><strong>Kryteria samorz\u0105dowe<\/strong><\/td><\/tr><tr><td>1.<\/td><td>Rodze\u0144stwo dziecka ucz\u0119szczaj\u0105cego do danego przedszkola lub szko\u0142y<\/td><td><strong>50<\/strong><\/td><\/tr><tr><td>2.<\/td><td>Dziecko obojga rodzic\u00f3w pracuj\u0105cych lub studiuj\u0105cych w systemie dziennym lub dziecko samotnego rodzica\/ opiekuna prawnego, pracuj\u0105cego lub studiuj\u0105cego w systemie dziennym<\/td><td><strong>40<\/strong><\/td><\/tr><tr><td>3.<\/td><td>Dziecko poddane obowi\u0105zkowym szczepieniom ochronnym okre\u015blonym w Rozporz\u0105dzeniu ministra w sprawie obowi\u0105zkowych szczepie\u0144 ochronnych lub dziecko, u kt\u00f3rego lekarskie badanie kwalifikacyjne daje podstawy do d\u0142ugotrwa\u0142ego odroczenia obowi\u0105zkowego szczepienia ochronnego<\/td><td><strong>35<\/strong><\/td><\/tr><tr><td>4.<\/td><td>Dziecko, kt\u00f3rego jeden z rodzic\u00f3w pracuje lub uczy si\u0119 w systemie dziennym<\/td><td><strong>30<\/strong><\/td><\/tr><tr><td rowspan=\"7\">5.<\/td><td>Kryterium dochodowe \u2013 doch\u00f3d na cz\u0142onka rodziny (w stosunku procentowym do kwoty, o kt\u00f3rej mowa w art. 3 pkt. 1 ustawy o\u00a0\u015bwiadczeniach rodzinnych):<\/td><td>&nbsp;<\/td><\/tr><tr><td class=\"translation-block\"><strong>Doch\u00f3d:<\/strong>\u00a0 poni\u017cej 100 % (poni\u017cej 674 z\u0142)<\/td><td><strong>6<\/strong><\/td><\/tr><tr><td>od 100 %\u00a0 -\u00a0 poni\u017cej 150 % \u2013 od 674,00 z\u0142 \u2013 1010,99 z\u0142\u00a0&nbsp;<\/td><td><strong>5<\/strong><\/td><\/tr><tr><td>od 150 % -\u00a0\u00a0 poni\u017cej 200 %\u00a0 \u2013\u00a0 1011,00 z\u0142 \u2013 1347,99 z\u0142<\/td><td><strong>4<\/strong><\/td><\/tr><tr><td>od 200 % - poni\u017cej 250 % - 1348,00 \u2013 1684,99 z\u0142<\/td><td><strong>3<\/strong><\/td><\/tr><tr><td>od 250 % - poni\u017cej 300 %\u00a0 - od 1685,00 z\u0142 \u2013 2021,99 z\u0142<\/td><td><strong>2<\/strong><\/td><\/tr><tr><td>od 300 % - od 2022,00 z\u0142<\/td><td><strong>1<\/strong><\/td><\/tr><\/tbody><\/table><\/figure>\n\n\n\n<p><strong>Dokumenty, kt\u00f3re rodzice\/prawni opiekunowie do\u0142\u0105czaj\u0105 do wniosku: \u00a0<\/strong><\/p>\n\n\n\n<ul class=\"wp-block-list\">\n<li>Ka\u017cdemu kryterium przypisana jest okre\u015blona liczba punkt\u00f3w.<\/li>\n\n\n\n<li>Spe\u0142nianie kryteri\u00f3w nale\u017cy potwierdzi\u0107, do\u0142\u0105czaj\u0105c do wniosku okre\u015blone ni\u017cej dokumenty.<\/li>\n\n\n\n<li>W przypadku nieprzed\u0142o\u017cenia dokument\u00f3w potwierdzaj\u0105cych spe\u0142nianie kryteri\u00f3w oraz w sytuacji\u00a0 braku potwierdzenia okoliczno\u015bci zawartych w o\u015bwiadczeniu, komisja rekrutacyjna, rozpatruj\u0105c wniosek, nie uwzgl\u0119dnia danego kryterium.<\/li>\n\n\n\n<li>Wielodzietno\u015b\u0107 rodziny kandydata oznacza rodzin\u0119, kt\u00f3ra wychowuje troje i wi\u0119cej dzieci (art. 4 ustawy prawo o\u015bwiatowe).<\/li>\n\n\n\n<li>Samotne wychowywanie dziecka oznacza wychowywanie dziecka przez pann\u0119, kawalera, wdow\u0119, wdowca, osob\u0119 pozostaj\u0105c\u0105 w separacji orzeczonej prawomocnym wyrokiem s\u0105du, osob\u0119 rozwiedzion\u0105, chyba \u017ce osoba taka wychowuje wsp\u00f3lnie co najmniej jedno dziecko z jego rodzicem (art. 4 ustawy prawo o\u015bwiatowe).<\/li>\n\n\n\n<li>Pod poj\u0119ciem dochodu rozumie si\u0119 doch\u00f3d, o kt\u00f3rym mowa w art. 3 pkt 1 ustawy z\u00a0dnia 28 listopada 2003r. o \u015bwiadczeniach rodzinnych, (Dz. U. z 2022 poz. 615) z tym, \u017ce w przypadku przychod\u00f3w podlegaj\u0105cych opodatkowaniu na zasadach og\u00f3lnych okre\u015blonych w art. 27, art.. 30b, art. 30c i art. 30e ustawy z dnia 26 lipca 1991r. o podatku dochodowych od os\u00f3b fizycznych (Dz. U. z 2022 poz. 2647), pomniejsza si\u0119 je o koszty uzyskania przychodu, zaliczki na podatek dochodowy od os\u00f3b fizycznych, sk\u0142adki na ubezpieczenie spo\u0142eczne niezaliczone do koszt\u00f3w uzyskania przychodu oraz sk\u0142adki na ubezpieczenie zdrowotne.<\/li>\n<\/ul>\n\n\n\n<p>Dokumenty potwierdzaj\u0105ce spe\u0142nianie kryteri\u00f3w ustawowych (art. 150 ustawy prawo o\u015bwiatowe):<\/p>\n\n\n\n<ol start=\"1\" class=\"wp-block-list\">\n<li>O\u015bwiadczenie o wielodzietno\u015bci rodziny kandydata.<\/li>\n\n\n\n<li>Orzeczenie o potrzebie kszta\u0142cenia specjalnego wydane ze wzgl\u0119du na niepe\u0142nosprawno\u015b\u0107, orzeczenie o niepe\u0142nosprawno\u015bci lub o stopniu niepe\u0142nosprawno\u015bci lub orzeczenie r\u00f3wnowa\u017cne w rozumieniu przepis\u00f3w ustawy z dnia 27 sierpnia 1997 r. o\u00a0rehabilitacji zawodowej i spo\u0142ecznej oraz zatrudnianiu os\u00f3b niepe\u0142nosprawnych (Dz. U. z\u00a02023 poz. 100).<\/li>\n\n\n\n<li>Prawomocny wyrok s\u0105du rodzinnego orzekaj\u0105cy rozw\u00f3d lub separacj\u0119 lub akt zgonu oraz o\u015bwiadczenie o samotnym wychowywaniu dziecka oraz niewychowywaniu dziecka wsp\u00f3lnie z jego rodzicem.<\/li>\n\n\n\n<li>Dokument po\u015bwiadczaj\u0105cy obj\u0119cie dziecka piecz\u0105 zast\u0119pcz\u0105 zgodnie z ustaw\u0105 z dnia 9 czerwca 2011 r. o wspieraniu rodziny i pieczy zast\u0119pczej (Dz. U. z 2022 poz.1577).<\/li>\n<\/ol>\n\n\n\n<p><em>Dokumenty sk\u0142ada si\u0119 w oryginale, formie notarialnie po\u015bwiadczonej kopii albo w\u00a0postaci urz\u0119dowo po\u015bwiadczonego odpisu lub wyci\u0105gu z dokumentu lub kopii po\u015bwiadczonej za zgodno\u015b\u0107 z orygina\u0142em przez rodzica\/prawnego opiekuna.<\/em><\/p>\n\n\n\n<p>Dokumenty potwierdzaj\u0105ce spe\u0142nianie przez kandydata kryteri\u00f3w samorz\u0105dowych:<\/p>\n\n\n\n<p>Kryteria samorz\u0105dowe potwierdzane s\u0105 odpowiednimi o\u015bwiadczeniami sk\u0142adanymi przez rodzic\u00f3w\/ opiekun\u00f3w prawnych dziecka.<\/p>\n\n\n\n<p><strong>O\u015bwiadczenia sk\u0142ada si\u0119 pod rygorem odpowiedzialno\u015bci karnej za sk\u0142adanie fa\u0142szywych zezna\u0144. Sk\u0142adaj\u0105cy o\u015bwiadczenie jest obowi\u0105zany do zawarcia w nim klauzuli nast\u0119puj\u0105cej tre\u015bci: \u201eJestem \u015bwiadomy odpowiedzialno\u015bci karnej za z\u0142o\u017cenie fa\u0142szywego o\u015bwiadczenia\u201d.\u00a0<\/strong><\/p>\n\n\n\n<p>Przewodnicz\u0105cy komisji rekrutacyjnej mo\u017ce za\u017c\u0105da\u0107 dokument\u00f3w potwierdzaj\u0105cych okoliczno\u015bci zawarte w o\u015bwiadczeniach, w terminie wyznaczonym przez przewodnicz\u0105cego, lub mo\u017ce zwr\u00f3ci\u0107 si\u0119 do Prezydenta Miasta o potwierdzenie tych okoliczno\u015bci. (art. 150 pkt. 7 ustawy o prawo o\u015bwiatowe)<\/p>\n\n\n\n<p>O\u015bwiadczenie o samotnym wychowywaniu mo\u017ce by\u0107 zweryfikowane w drodze wywiadu, o\u00a0kt\u00f3rym mowa w ustawie z dnia 11 lutego 2016r. o pomocy pa\u0144stwa w wychowywaniu dzieci. (Dz. U. z 2022 poz. 1577).<\/p>","protected":false},"excerpt":{"rendered":"<p>\u041d\u0430\u0431\u0456\u0440 \u0434\u043e \u0434\u0435\u0440\u0436\u0430\u0432\u043d\u0438\u0445 \u0434\u0438\u0442\u044f\u0447\u0438\u0445 \u0441\u0430\u0434\u043a\u0456\u0432 \u0442\u0430 \u0434\u043e\u0448\u043a\u0456\u043b\u044c\u043d\u0438\u0445 \u0432\u0456\u0434\u0434\u0456\u043b\u0435\u043d\u044c \u0443 \u0434\u0435\u0440\u0436\u0430\u0432\u043d\u0438\u0445 \u043f\u043e\u0447\u0430\u0442\u043a\u043e\u0432\u0438\u0445 \u0448\u043a\u043e\u043b\u0430\u0445 \u043d\u0430 \u0442\u0435\u0440\u0438\u0442\u043e\u0440\u0456\u0457 \u043c\u0456\u0441\u0442\u0430 \u041a\u0435\u043b\u044c\u0446\u0435 \u043d\u0430 2025\/2026 \u043d\u0430\u0432\u0447\u0430\u043b\u044c\u043d\u0438\u0439 \u0440\u0456\u043a 05.03.2025 \u0440. \u2013 11.03.2025 \u0440. \u0434\u043e 15:00 \u2013 \u043f\u0456\u0434\u0442\u0432\u0435\u0440\u0434\u0436\u0435\u043d\u043d\u044f \u043d\u0430\u043c\u0456\u0440\u0443 \u0431\u0430\u0442\u044c\u043a\u0430\u043c\u0438 \u0434\u0456\u0442\u0435\u0439, \u044f\u043a\u0456 \u0432\u0436\u0435 \u0432\u0456\u0434\u0432\u0456\u0434\u0443\u044e\u0442\u044c \u0434\u0438\u0442\u044f\u0447\u0438\u0439 \u0441\u0430\u0434\u043e\u043a, \u043f\u0440\u043e \u043f\u043e\u0434\u0430\u043b\u044c\u0448\u0435 \u043a\u043e\u0440\u0438\u0441\u0442\u0443\u0432\u0430\u043d\u043d\u044f \u043f\u043e\u0441\u043b\u0443\u0433\u0430\u043c\u0438 \u0442\u043e\u0433\u043e \u0441\u0430\u043c\u043e\u0433\u043e \u0437\u0430\u043a\u043b\u0430\u0434\u0443. \u0411\u0430\u0442\u044c\u043a\u0438 \u0434\u0456\u0442\u0435\u0439, \u044f\u043a\u0456 \u0432\u0436\u0435 \u0432\u0456\u0434\u0432\u0456\u0434\u0443\u044e\u0442\u044c \u0434\u0438\u0442\u044f\u0447\u0438\u0439 \u0441\u0430\u0434\u043e\u043a \u0456 \u0431\u0430\u0436\u0430\u044e\u0442\u044c, \u0449\u043e\u0431 \u0457\u0445\u043d\u044f [&hellip;]<\/p>","protected":false},"author":3,"featured_media":0,"parent":0,"menu_order":0,"comment_status":"closed","ping_status":"closed","template":"","meta":{"footnotes":""},"class_list":["post-489","page","type-page","status-publish","hentry"],"_links":{"self":[{"href":"https:\/\/osvita.kielce.eu\/pl\/wp-json\/wp\/v2\/pages\/489","targetHints":{"allow":["GET"]}}],"collection":[{"href":"https:\/\/osvita.kielce.eu\/pl\/wp-json\/wp\/v2\/pages"}],"about":[{"href":"https:\/\/osvita.kielce.eu\/pl\/wp-json\/wp\/v2\/types\/page"}],"author":[{"embeddable":true,"href":"https:\/\/osvita.kielce.eu\/pl\/wp-json\/wp\/v2\/users\/3"}],"replies":[{"embeddable":true,"href":"https:\/\/osvita.kielce.eu\/pl\/wp-json\/wp\/v2\/comments?post=489"}],"version-history":[{"count":5,"href":"https:\/\/osvita.kielce.eu\/pl\/wp-json\/wp\/v2\/pages\/489\/revisions"}],"predecessor-version":[{"id":731,"href":"https:\/\/osvita.kielce.eu\/pl\/wp-json\/wp\/v2\/pages\/489\/revisions\/731"}],"wp:attachment":[{"href":"https:\/\/osvita.kielce.eu\/pl\/wp-json\/wp\/v2\/media?parent=489"}],"curies":[{"name":"wp","href":"https:\/\/api.w.org\/{rel}","templated":true}]}}