{"id":635,"date":"2025-03-26T10:23:26","date_gmt":"2025-03-26T09:23:26","guid":{"rendered":"https:\/\/osvita.kielce.eu\/?page_id=635"},"modified":"2025-03-26T11:19:37","modified_gmt":"2025-03-26T10:19:37","slug":"putivnyk-dlya-batkiv","status":"publish","type":"page","link":"https:\/\/osvita.kielce.eu\/pl\/putivnyk-dlya-batkiv\/","title":{"rendered":"Przewodnik dla rodzic\u00f3w"},"content":{"rendered":"<div class=\"wp-block-group alignfull has-global-padding is-layout-constrained wp-container-core-group-is-layout-72190d31 wp-block-group-is-layout-constrained\" style=\"margin-top:0;margin-bottom:0;padding-top:0;padding-right:0;padding-bottom:0;padding-left:0\">\n<div class=\"wp-block-columns alignwide is-not-stacked-on-mobile is-layout-flex wp-container-core-columns-is-layout-d0846407 wp-block-columns-is-layout-flex\">\n<div class=\"wp-block-column is-layout-flow wp-block-column-is-layout-flow\" style=\"flex-basis:100%\">\n<div class=\"wp-block-query has-global-padding is-layout-constrained wp-container-core-query-is-layout-4ab19999 wp-block-query-is-layout-constrained\"><ul class=\"columns-2 wp-block-post-template is-layout-grid wp-container-core-post-template-is-layout-d486d538 wp-block-post-template-is-layout-grid\"><li class=\"wp-block-post post-839 post type-post status-publish format-standard has-post-thumbnail hentry category-17\">\n<figure style=\"aspect-ratio:16\/9;\" class=\"wp-block-post-featured-image\"><a href=\"https:\/\/osvita.kielce.eu\/pl\/yak-pidtrymaty-adaptatsiiu-dytyny-v-polskij-shkoli\/\" target=\"_self\"  ><img loading=\"lazy\" decoding=\"async\" width=\"512\" height=\"314\" src=\"https:\/\/osvita.kielce.eu\/wp-content\/uploads\/2025\/05\/adaptacja.jpg\" class=\"attachment-post-thumbnail size-post-thumbnail wp-post-image\" alt=\"\u042f\u043a \u043f\u0456\u0434\u0442\u0440\u0438\u043c\u0430\u0442\u0438 \u0430\u0434\u0430\u043f\u0442\u0430\u0446\u0456\u044e \u0434\u0438\u0442\u0438\u043d\u0438 \u0432 \u043f\u043e\u043b\u044c\u0441\u044c\u043a\u0456\u0439 \u0448\u043a\u043e\u043b\u0456\" style=\"width:100%;height:100%;object-fit:cover;\" srcset=\"https:\/\/osvita.kielce.eu\/wp-content\/uploads\/2025\/05\/adaptacja.jpg 512w, https:\/\/osvita.kielce.eu\/wp-content\/uploads\/2025\/05\/adaptacja-300x184.jpg 300w, https:\/\/osvita.kielce.eu\/wp-content\/uploads\/2025\/05\/adaptacja-18x12.jpg 18w\" sizes=\"auto, (max-width: 512px) 100vw, 512px\" \/><\/a><\/figure>\n\n\n<div style=\"height:var(--wp--preset--spacing--10)\" aria-hidden=\"true\" class=\"wp-block-spacer\"><\/div>\n\n\n\n<div class=\"wp-block-group is-vertical is-nowrap is-layout-flex wp-container-core-group-is-layout-027a86ef wp-block-group-is-layout-flex\"><h3 style=\"font-size:clamp(1.25rem, 1.25rem + ((1vw - 0.2rem) * 1.25), 2rem);\" class=\"wp-block-post-title\"><a href=\"https:\/\/osvita.kielce.eu\/pl\/yak-pidtrymaty-adaptatsiiu-dytyny-v-polskij-shkoli\/\" target=\"_self\" >Jak wspiera\u0107 adaptacj\u0119 dziecka w polskiej szkole<\/a><\/h3>\n\n<div class=\"wp-block-template-part\">\n<div class=\"wp-block-group is-nowrap is-layout-flex wp-container-core-group-is-layout-6c531013 wp-block-group-is-layout-flex\">\n<div class=\"wp-block-group is-content-justification-left is-layout-flex wp-container-core-group-is-layout-dfe8e91f wp-block-group-is-layout-flex\"><div style=\"font-size:clamp(0.875rem, 0.875rem + ((1vw - 0.2rem) * 0.542), 1.2rem);\" class=\"wp-block-post-date\"><time datetime=\"2025-05-19T09:15:01+02:00\"><a href=\"https:\/\/osvita.kielce.eu\/pl\/yak-pidtrymaty-adaptatsiiu-dytyny-v-polskij-shkoli\/\">19.05.2025<\/a><\/time><\/div>\n\n\n<p class=\"has-contrast-2-color has-text-color\"><\/p>\n<\/div>\n<\/div>\n<\/div>\n\n<div class=\"wp-block-post-excerpt\"><p class=\"wp-block-post-excerpt__excerpt\">Jak wspiera\u0107 adaptacj\u0119 dziecka w polskiej szkole \nIntegracja dziecka w nowym \u015brodowisku szkolnym to proces wymagaj\u0105cy zaanga\u017cowania zar\u00f3wno ze strony plac\u00f3wki, jak i rodzica. W przypadku rodzin ukrai\u0144skich, kt\u00f3re znalaz\u0142y si\u0119 w Polsce w wyniku wojny, wsparcie w adaptacji nabiera...<\/p><p class=\"wp-block-post-excerpt__more-text\"><a class=\"wp-block-post-excerpt__more-link\" href=\"https:\/\/osvita.kielce.eu\/pl\/yak-pidtrymaty-adaptatsiiu-dytyny-v-polskij-shkoli\/\">czytaj dalej<\/a><\/p><\/div><\/div>\n\n<\/li><li class=\"wp-block-post post-848 post type-post status-publish format-standard has-post-thumbnail hentry category-bez-kategorii category-17\">\n<figure style=\"aspect-ratio:16\/9;\" class=\"wp-block-post-featured-image\"><a href=\"https:\/\/osvita.kielce.eu\/pl\/informatsiia-pro-ispyt-dlia-vosmyklasnykiv-ta-maturu-dlia-hromadian-ukrainy\/\" target=\"_self\"  ><img loading=\"lazy\" decoding=\"async\" width=\"2048\" height=\"1089\" src=\"https:\/\/osvita.kielce.eu\/wp-content\/uploads\/2025\/05\/matura.jpg\" class=\"attachment-post-thumbnail size-post-thumbnail wp-post-image\" alt=\"\u0406\u043d\u0444\u043e\u0440\u043c\u0430\u0446\u0456\u044f \u043f\u0440\u043e \u0456\u0441\u043f\u0438\u0442 \u0434\u043b\u044f \u0432\u043e\u0441\u044c\u043c\u0438\u043a\u043b\u0430\u0441\u043d\u0438\u043a\u0456\u0432 \u0442\u0430 \u043c\u0430\u0442\u0443\u0440\u0443 \u0434\u043b\u044f \u0433\u0440\u043e\u043c\u0430\u0434\u044f\u043d \u0423\u043a\u0440\u0430\u0457\u043d\u0438\" style=\"width:100%;height:100%;object-fit:cover;\" srcset=\"https:\/\/osvita.kielce.eu\/wp-content\/uploads\/2025\/05\/matura.jpg 2048w, https:\/\/osvita.kielce.eu\/wp-content\/uploads\/2025\/05\/matura-300x160.jpg 300w, https:\/\/osvita.kielce.eu\/wp-content\/uploads\/2025\/05\/matura-1024x545.jpg 1024w, https:\/\/osvita.kielce.eu\/wp-content\/uploads\/2025\/05\/matura-768x408.jpg 768w, https:\/\/osvita.kielce.eu\/wp-content\/uploads\/2025\/05\/matura-1536x817.jpg 1536w, https:\/\/osvita.kielce.eu\/wp-content\/uploads\/2025\/05\/matura-18x10.jpg 18w\" sizes=\"auto, (max-width: 2048px) 100vw, 2048px\" \/><\/a><\/figure>\n\n\n<div style=\"height:var(--wp--preset--spacing--10)\" aria-hidden=\"true\" class=\"wp-block-spacer\"><\/div>\n\n\n\n<div class=\"wp-block-group is-vertical is-nowrap is-layout-flex wp-container-core-group-is-layout-027a86ef wp-block-group-is-layout-flex\"><h3 style=\"font-size:clamp(1.25rem, 1.25rem + ((1vw - 0.2rem) * 1.25), 2rem);\" class=\"wp-block-post-title\"><a href=\"https:\/\/osvita.kielce.eu\/pl\/informatsiia-pro-ispyt-dlia-vosmyklasnykiv-ta-maturu-dlia-hromadian-ukrainy\/\" target=\"_self\" >Informacje o egzaminie \u00f3smoklasisty i maturze dla obywateli Ukrainy<\/a><\/h3>\n\n<div class=\"wp-block-template-part\">\n<div class=\"wp-block-group is-nowrap is-layout-flex wp-container-core-group-is-layout-6c531013 wp-block-group-is-layout-flex\">\n<div class=\"wp-block-group is-content-justification-left is-layout-flex wp-container-core-group-is-layout-dfe8e91f wp-block-group-is-layout-flex\"><div style=\"font-size:clamp(0.875rem, 0.875rem + ((1vw - 0.2rem) * 0.542), 1.2rem);\" class=\"wp-block-post-date\"><time datetime=\"2025-05-05T09:53:00+02:00\"><a href=\"https:\/\/osvita.kielce.eu\/pl\/informatsiia-pro-ispyt-dlia-vosmyklasnykiv-ta-maturu-dlia-hromadian-ukrainy\/\">05.05.2025<\/a><\/time><\/div>\n\n\n<p class=\"has-contrast-2-color has-text-color\"><\/p>\n<\/div>\n<\/div>\n<\/div>\n\n<div class=\"wp-block-post-excerpt\"><p class=\"wp-block-post-excerpt__excerpt\">Centralna Komisja Egzaminacyjna udost\u0119pnia na swojej stronie internetowej kompleksowe wytyczne dotycz\u0105ce organizacji zar\u00f3wno egzaminu \u00f3smoklasisty, jak i egzaminu maturalnego przeznaczonych dla uczni\u00f3w i absolwent\u00f3w-obywateli Ukrainy. Dokumenty te adresowane s\u0105 do os\u00f3b, kt\u00f3rych pobyt...<\/p><p class=\"wp-block-post-excerpt__more-text\"><a class=\"wp-block-post-excerpt__more-link\" href=\"https:\/\/osvita.kielce.eu\/pl\/informatsiia-pro-ispyt-dlia-vosmyklasnykiv-ta-maturu-dlia-hromadian-ukrainy\/\">czytaj dalej<\/a><\/p><\/div><\/div>\n\n<\/li><li class=\"wp-block-post post-781 post type-post status-publish format-standard has-post-thumbnail hentry category-17\">\n<figure style=\"aspect-ratio:16\/9;\" class=\"wp-block-post-featured-image\"><a href=\"https:\/\/osvita.kielce.eu\/pl\/jak-zapisaty-dytynu-do-shkoly\/\" target=\"_self\"  ><img loading=\"lazy\" decoding=\"async\" width=\"2289\" height=\"1263\" src=\"https:\/\/osvita.kielce.eu\/wp-content\/uploads\/2025\/04\/Zrzut-ekranu-2025-04-23-143656.png\" class=\"attachment-post-thumbnail size-post-thumbnail wp-post-image\" alt=\"\u042f\u043a \u0437\u0430\u043f\u0438\u0441\u0430\u0442\u0438 \u0434\u0438\u0442\u0438\u043d\u0443 \u0434\u043e \u0448\u043a\u043e\u043b\u0438?\" style=\"width:100%;height:100%;object-fit:cover;\" srcset=\"https:\/\/osvita.kielce.eu\/wp-content\/uploads\/2025\/04\/Zrzut-ekranu-2025-04-23-143656.png 2289w, https:\/\/osvita.kielce.eu\/wp-content\/uploads\/2025\/04\/Zrzut-ekranu-2025-04-23-143656-300x166.png 300w, https:\/\/osvita.kielce.eu\/wp-content\/uploads\/2025\/04\/Zrzut-ekranu-2025-04-23-143656-1024x565.png 1024w, https:\/\/osvita.kielce.eu\/wp-content\/uploads\/2025\/04\/Zrzut-ekranu-2025-04-23-143656-768x424.png 768w, https:\/\/osvita.kielce.eu\/wp-content\/uploads\/2025\/04\/Zrzut-ekranu-2025-04-23-143656-1536x848.png 1536w, https:\/\/osvita.kielce.eu\/wp-content\/uploads\/2025\/04\/Zrzut-ekranu-2025-04-23-143656-2048x1130.png 2048w, https:\/\/osvita.kielce.eu\/wp-content\/uploads\/2025\/04\/Zrzut-ekranu-2025-04-23-143656-18x10.png 18w\" sizes=\"auto, (max-width: 2289px) 100vw, 2289px\" \/><\/a><\/figure>\n\n\n<div style=\"height:var(--wp--preset--spacing--10)\" aria-hidden=\"true\" class=\"wp-block-spacer\"><\/div>\n\n\n\n<div class=\"wp-block-group is-vertical is-nowrap is-layout-flex wp-container-core-group-is-layout-027a86ef wp-block-group-is-layout-flex\"><h3 style=\"font-size:clamp(1.25rem, 1.25rem + ((1vw - 0.2rem) * 1.25), 2rem);\" class=\"wp-block-post-title\"><a href=\"https:\/\/osvita.kielce.eu\/pl\/jak-zapisaty-dytynu-do-shkoly\/\" target=\"_self\" >Jak zapisa\u0107 dziecko do szko\u0142y?<\/a><\/h3>\n\n<div class=\"wp-block-template-part\">\n<div class=\"wp-block-group is-nowrap is-layout-flex wp-container-core-group-is-layout-6c531013 wp-block-group-is-layout-flex\">\n<div class=\"wp-block-group is-content-justification-left is-layout-flex wp-container-core-group-is-layout-dfe8e91f wp-block-group-is-layout-flex\"><div style=\"font-size:clamp(0.875rem, 0.875rem + ((1vw - 0.2rem) * 0.542), 1.2rem);\" class=\"wp-block-post-date\"><time datetime=\"2025-04-23T14:33:53+02:00\"><a href=\"https:\/\/osvita.kielce.eu\/pl\/jak-zapisaty-dytynu-do-shkoly\/\">23.04.2025<\/a><\/time><\/div>\n\n\n<p class=\"has-contrast-2-color has-text-color\"><\/p>\n<\/div>\n<\/div>\n<\/div>\n\n<div class=\"wp-block-post-excerpt\"><p class=\"wp-block-post-excerpt__excerpt\">Zapraszamy do zapoznania si\u0119 z oficjalnym materia\u0142em wideo przygotowanym przez Kancelari\u0119 Prezesa Rady Ministr\u00f3w Rzeczypospolitej Polskiej, kt\u00f3ry w przyst\u0119pny spos\u00f3b wyja\u015bnia, jak zapisa\u0107 dziecko do polskiej szko\u0142y podstawowej. Film skierowany jest przede wszystkim do obywateli Ukrainy przebywaj\u0105cych w Polsce i...<\/p><p class=\"wp-block-post-excerpt__more-text\"><a class=\"wp-block-post-excerpt__more-link\" href=\"https:\/\/osvita.kielce.eu\/pl\/jak-zapisaty-dytynu-do-shkoly\/\">czytaj dalej<\/a><\/p><\/div><\/div>\n\n<\/li><li class=\"wp-block-post post-621 post type-post status-publish format-standard has-post-thumbnail hentry category-17\">\n<figure style=\"aspect-ratio:16\/9;\" class=\"wp-block-post-featured-image\"><a href=\"https:\/\/osvita.kielce.eu\/pl\/systema-osvity-v-polshchi\/\" target=\"_self\"  ><img loading=\"lazy\" decoding=\"async\" width=\"2560\" height=\"1748\" src=\"https:\/\/osvita.kielce.eu\/wp-content\/uploads\/2025\/03\/sysedypl-scaled.jpg\" class=\"attachment-post-thumbnail size-post-thumbnail wp-post-image\" alt=\"\u0421\u0438\u0441\u0442\u0435\u043c\u0430 \u043e\u0441\u0432\u0456\u0442\u0438 \u0432 \u041f\u043e\u043b\u044c\u0449\u0456\" style=\"width:100%;height:100%;object-fit:cover;\" srcset=\"https:\/\/osvita.kielce.eu\/wp-content\/uploads\/2025\/03\/sysedypl-scaled.jpg 2560w, https:\/\/osvita.kielce.eu\/wp-content\/uploads\/2025\/03\/sysedypl-300x205.jpg 300w, https:\/\/osvita.kielce.eu\/wp-content\/uploads\/2025\/03\/sysedypl-1024x699.jpg 1024w, https:\/\/osvita.kielce.eu\/wp-content\/uploads\/2025\/03\/sysedypl-768x524.jpg 768w, https:\/\/osvita.kielce.eu\/wp-content\/uploads\/2025\/03\/sysedypl-1536x1049.jpg 1536w, https:\/\/osvita.kielce.eu\/wp-content\/uploads\/2025\/03\/sysedypl-2048x1398.jpg 2048w\" sizes=\"auto, (max-width: 2560px) 100vw, 2560px\" \/><\/a><\/figure>\n\n\n<div style=\"height:var(--wp--preset--spacing--10)\" aria-hidden=\"true\" class=\"wp-block-spacer\"><\/div>\n\n\n\n<div class=\"wp-block-group is-vertical is-nowrap is-layout-flex wp-container-core-group-is-layout-027a86ef wp-block-group-is-layout-flex\"><h3 style=\"font-size:clamp(1.25rem, 1.25rem + ((1vw - 0.2rem) * 1.25), 2rem);\" class=\"wp-block-post-title\"><a href=\"https:\/\/osvita.kielce.eu\/pl\/systema-osvity-v-polshchi\/\" target=\"_self\" >System edukacji w Polsce<\/a><\/h3>\n\n<div class=\"wp-block-template-part\">\n<div class=\"wp-block-group is-nowrap is-layout-flex wp-container-core-group-is-layout-6c531013 wp-block-group-is-layout-flex\">\n<div class=\"wp-block-group is-content-justification-left is-layout-flex wp-container-core-group-is-layout-dfe8e91f wp-block-group-is-layout-flex\"><div style=\"font-size:clamp(0.875rem, 0.875rem + ((1vw - 0.2rem) * 0.542), 1.2rem);\" class=\"wp-block-post-date\"><time datetime=\"2025-03-26T10:00:21+01:00\"><a href=\"https:\/\/osvita.kielce.eu\/pl\/systema-osvity-v-polshchi\/\">26.03.2025<\/a><\/time><\/div>\n\n\n<p class=\"has-contrast-2-color has-text-color\"><\/p>\n<\/div>\n<\/div>\n<\/div>\n\n<div class=\"wp-block-post-excerpt\"><p class=\"wp-block-post-excerpt__excerpt\">W polskim systemie edukacji rozdzielono obowi\u0105zek ucz\u0119szczania do szko\u0142y oraz obowi\u0105zek nauki:\nWa\u017cne: dzieci i m\u0142odzie\u017c nieposiadaj\u0105ce obywatelstwa polskiego, do 18. roku \u017cycia lub do uko\u0144czenia szko\u0142y ponadpodstawowej, mog\u0105 korzysta\u0107 z publicznych szk\u00f3\u0142 i przedszkoli\u2026<\/p><p class=\"wp-block-post-excerpt__more-text\"><a class=\"wp-block-post-excerpt__more-link\" href=\"https:\/\/osvita.kielce.eu\/pl\/systema-osvity-v-polshchi\/\">czytaj dalej<\/a><\/p><\/div><\/div>\n\n<\/li><\/ul><\/div>\n<\/div>\n<\/div>\n<\/div>","protected":false},"excerpt":{"rendered":"","protected":false},"author":1,"featured_media":0,"parent":0,"menu_order":0,"comment_status":"closed","ping_status":"closed","template":"","meta":{"footnotes":""},"class_list":["post-635","page","type-page","status-publish","hentry"],"_links":{"self":[{"href":"https:\/\/osvita.kielce.eu\/pl\/wp-json\/wp\/v2\/pages\/635","targetHints":{"allow":["GET"]}}],"collection":[{"href":"https:\/\/osvita.kielce.eu\/pl\/wp-json\/wp\/v2\/pages"}],"about":[{"href":"https:\/\/osvita.kielce.eu\/pl\/wp-json\/wp\/v2\/types\/page"}],"author":[{"embeddable":true,"href":"https:\/\/osvita.kielce.eu\/pl\/wp-json\/wp\/v2\/users\/1"}],"replies":[{"embeddable":true,"href":"https:\/\/osvita.kielce.eu\/pl\/wp-json\/wp\/v2\/comments?post=635"}],"version-history":[{"count":1,"href":"https:\/\/osvita.kielce.eu\/pl\/wp-json\/wp\/v2\/pages\/635\/revisions"}],"predecessor-version":[{"id":641,"href":"https:\/\/osvita.kielce.eu\/pl\/wp-json\/wp\/v2\/pages\/635\/revisions\/641"}],"wp:attachment":[{"href":"https:\/\/osvita.kielce.eu\/pl\/wp-json\/wp\/v2\/media?parent=635"}],"curies":[{"name":"wp","href":"https:\/\/api.w.org\/{rel}","templated":true}]}}