{"id":754,"date":"2025-04-23T11:28:41","date_gmt":"2025-04-23T09:28:41","guid":{"rendered":"https:\/\/osvita.kielce.eu\/?page_id=754"},"modified":"2025-04-23T11:39:37","modified_gmt":"2025-04-23T09:39:37","slug":"varto-vidvidaty","status":"publish","type":"page","link":"https:\/\/osvita.kielce.eu\/pl\/varto-vidvidaty\/","title":{"rendered":"Warto odwiedzi\u0107"},"content":{"rendered":"<p>W zwi\u0105zku z nap\u0142ywem uczni\u00f3w z Ukrainy do polskich szk\u00f3\u0142, zar\u00f3wno instytucje rz\u0105dowe, jak i organizacje edukacyjne przygotowa\u0142y szereg materia\u0142\u00f3w i narz\u0119dzi wspieraj\u0105cych nauczycieli, uczni\u00f3w oraz ich rodzic\u00f3w. Dzi\u0119ki temu mo\u017cliwe jest nie tylko skuteczne wprowadzenie dzieci i m\u0142odzie\u017cy z Ukrainy do polskiego systemu edukacji, ale tak\u017ce wsparcie ich integracji spo\u0142ecznej i kulturowej. Poni\u017cej prezentujemy wybrane, sprawdzone \u017ar\u00f3d\u0142a, kt\u00f3re oferuj\u0105 bezp\u0142atne materia\u0142y edukacyjne, wa\u017cne informacje organizacyjne oraz praktyczne wskaz\u00f3wki dotycz\u0105ce pracy z uczniami z Ukrainy<\/p>\n\n\n\n<ul class=\"wp-block-list\">\n<li><a href=\"https:\/\/www.gov.pl\/web\/nauka\/materialy-edukacyjne-do-wykorzystania-w-pracy-z-uczniami-z-ukrainy\">Ministerstwo Edukacji i Nauki - Materia\u0142y edukacyjne do wykorzystania w pracy z uczniami z Ukrainy<\/a><\/li>\n\n\n\n<li><a href=\"https:\/\/www.gov.pl\/web\/edukacja\/uczniowie-z-ukrainy-w-polskich-szkolach-wazne-informacje-dla-rodzicow\">Ministerstwo Edukacji i Nauki - Uczniowie z Ukrainy w polskich szko\u0142ach. Wa\u017cne informacje dla rodzic\u00f3w.<\/a><\/li>\n\n\n\n<li><a href=\"https:\/\/www.gov.pl\/web\/ua\/osvita-i-nauka\">Edukacja i nauka - Rz\u0105dowa strona internetowa dla obywateli Ukrainy<\/a><\/li>\n\n\n\n<li><a href=\"https:\/\/www.learnetic.pl\/%D1%8F-%D1%82%D1%83%D1%82-czyli-bezplatne-materialy-edukacyjne-dla-dzieci-z-ukrainy\/\">Learnetic - bezp\u0142atne materia\u0142y dla dzieci z Ukrainy<\/a><\/li>\n\n\n\n<li><a href=\"https:\/\/ceo.org.pl\/wsparcie-integracji-dzieci-ukrainskich\/\">Materia\u0142y wspieraj\u0105ce integracj\u0119 edukacyjn\u0105 uczennic i uczni\u00f3w ukrai\u0144skich<\/a><\/li>\n<\/ul>\n\n\n\n<p><\/p>","protected":false},"excerpt":{"rendered":"<p>\u0437\u0432\u2019\u044f\u0437\u043a\u0443 \u0437 \u0442\u0438\u043c, \u0449\u043e \u0434\u043e \u043f\u043e\u043b\u044c\u0441\u044c\u043a\u0438\u0445 \u0448\u043a\u0456\u043b \u043f\u0440\u0438\u0457\u0436\u0434\u0436\u0430\u0454 \u0432\u0441\u0435 \u0431\u0456\u043b\u044c\u0448\u0435 \u0443\u0447\u043d\u0456\u0432 \u0437 \u0423\u043a\u0440\u0430\u0457\u043d\u0438, \u0434\u0435\u0440\u0436\u0430\u0432\u043d\u0456 \u0443\u0441\u0442\u0430\u043d\u043e\u0432\u0438 \u0442\u0430 \u043e\u0441\u0432\u0456\u0442\u043d\u0456 \u043e\u0440\u0433\u0430\u043d\u0456\u0437\u0430\u0446\u0456\u0457 \u043f\u0456\u0434\u0433\u043e\u0442\u0443\u0432\u0430\u043b\u0438 \u043d\u0438\u0437\u043a\u0443 \u043c\u0430\u0442\u0435\u0440\u0456\u0430\u043b\u0456\u0432 \u0456 \u0456\u043d\u0441\u0442\u0440\u0443\u043c\u0435\u043d\u0442\u0456\u0432 \u0434\u043b\u044f \u043f\u0456\u0434\u0442\u0440\u0438\u043c\u043a\u0438 \u0432\u0447\u0438\u0442\u0435\u043b\u0456\u0432, \u0443\u0447\u043d\u0456\u0432 \u0456 \u0457\u0445\u043d\u0456\u0445 \u0431\u0430\u0442\u044c\u043a\u0456\u0432. \u0426\u0435 \u0434\u043e\u0437\u0432\u043e\u043b\u044f\u0454 \u043d\u0435 \u043b\u0438\u0448\u0435 \u0435\u0444\u0435\u043a\u0442\u0438\u0432\u043d\u043e \u0437\u0430\u043b\u0443\u0447\u0430\u0442\u0438 \u0434\u0456\u0442\u0435\u0439 \u0456 \u043c\u043e\u043b\u043e\u0434\u044c \u0437 \u0423\u043a\u0440\u0430\u0457\u043d\u0438 \u0434\u043e \u043f\u043e\u043b\u044c\u0441\u044c\u043a\u043e\u0457 \u043e\u0441\u0432\u0456\u0442\u043d\u044c\u043e\u0457 \u0441\u0438\u0441\u0442\u0435\u043c\u0438, \u0430 \u0439 \u0441\u043f\u0440\u0438\u044f\u0454 \u0457\u0445\u043d\u0456\u0439 \u0441\u043e\u0446\u0456\u0430\u043b\u044c\u043d\u0456\u0439 \u0442\u0430 \u043a\u0443\u043b\u044c\u0442\u0443\u0440\u043d\u0456\u0439 \u0456\u043d\u0442\u0435\u0433\u0440\u0430\u0446\u0456\u0457. \u041d\u0438\u0436\u0447\u0435 \u043f\u0440\u0435\u0434\u0441\u0442\u0430\u0432\u043b\u0435\u043d\u043e [&hellip;]<\/p>","protected":false},"author":1,"featured_media":0,"parent":0,"menu_order":0,"comment_status":"closed","ping_status":"closed","template":"","meta":{"footnotes":""},"class_list":["post-754","page","type-page","status-publish","hentry"],"_links":{"self":[{"href":"https:\/\/osvita.kielce.eu\/pl\/wp-json\/wp\/v2\/pages\/754","targetHints":{"allow":["GET"]}}],"collection":[{"href":"https:\/\/osvita.kielce.eu\/pl\/wp-json\/wp\/v2\/pages"}],"about":[{"href":"https:\/\/osvita.kielce.eu\/pl\/wp-json\/wp\/v2\/types\/page"}],"author":[{"embeddable":true,"href":"https:\/\/osvita.kielce.eu\/pl\/wp-json\/wp\/v2\/users\/1"}],"replies":[{"embeddable":true,"href":"https:\/\/osvita.kielce.eu\/pl\/wp-json\/wp\/v2\/comments?post=754"}],"version-history":[{"count":2,"href":"https:\/\/osvita.kielce.eu\/pl\/wp-json\/wp\/v2\/pages\/754\/revisions"}],"predecessor-version":[{"id":761,"href":"https:\/\/osvita.kielce.eu\/pl\/wp-json\/wp\/v2\/pages\/754\/revisions\/761"}],"wp:attachment":[{"href":"https:\/\/osvita.kielce.eu\/pl\/wp-json\/wp\/v2\/media?parent=754"}],"curies":[{"name":"wp","href":"https:\/\/api.w.org\/{rel}","templated":true}]}}