{"id":762,"date":"2025-04-23T11:44:41","date_gmt":"2025-04-23T09:44:41","guid":{"rendered":"https:\/\/osvita.kielce.eu\/?page_id=762"},"modified":"2025-04-23T11:58:27","modified_gmt":"2025-04-23T09:58:27","slug":"pidtrymka-u-vyvchenni-polskoyi-movy","status":"publish","type":"page","link":"https:\/\/osvita.kielce.eu\/pl\/pidtrymka-u-vyvchenni-polskoyi-movy\/","title":{"rendered":"Wsparcie w nauce j\u0119zyka polskiego"},"content":{"rendered":"<p>Nauka j\u0119zyka polskiego stanowi kluczowy element integracji i codziennego funkcjonowania w nowym \u015brodowisku dla dzieci i doros\u0142ych z Ukrainy. W odpowiedzi na te potrzeby powsta\u0142o wiele inicjatyw oraz platform edukacyjnych, kt\u00f3re oferuj\u0105 bezp\u0142atne kursy, materia\u0142y dydaktyczne oraz zaj\u0119cia integracyjne wspieraj\u0105ce nauk\u0119 j\u0119zyka polskiego jako obcego. Poni\u017cej przedstawiamy wybrane zasoby, dzi\u0119ki kt\u00f3rym zar\u00f3wno uczniowie, jak i doro\u015bli mog\u0105 skutecznie rozwija\u0107 swoje umiej\u0119tno\u015bci j\u0119zykowe i lepiej odnale\u017a\u0107 si\u0119 w polskiej rzeczywisto\u015bci.<\/p>\n\n\n\n<ul class=\"wp-block-list\">\n<li><a href=\"https:\/\/ukraina.instaling.pl\/\">InstaLing - platforma edukacyjna, kt\u00f3ra umo\u017cliwia uczniom z Ukrainy skuteczn\u0105 nauk\u0119 s\u0142ownictwa j\u0119zyka polskiego<\/a><\/li>\n\n\n\n<li><a href=\"https:\/\/lingvapl.org\/\">Lingva Polska -  bezp\u0142atna platforma do nauki j\u0119zyka polskiego dla wielu Ukrai\u0144c\u00f3w, kt\u00f3rzy przenie\u015bli si\u0119 do Polski w wyniku wojny<\/a><\/li>\n\n\n\n<li><a href=\"https:\/\/www.languagesupp.org\/vod\">Language Supp - platforma do darmowej nauki j\u0119zyka polskiego online dla ukrai\u0144skich uczni\u00f3w<\/a><\/li>\n\n\n\n<li><a href=\"https:\/\/wid.org.pl\/podrecznik\/\">Raz, dwa, trzy i po polsku m\u00f3wisz Ty! Podr\u0119cznik do nauki j\u0119zyka polskiego dla dzieci na Ukrainie<\/a><\/li>\n<\/ul>\n\n\n\n<p><\/p>","protected":false},"excerpt":{"rendered":"<p>\u0412\u0438\u0432\u0447\u0435\u043d\u043d\u044f \u043f\u043e\u043b\u044c\u0441\u044c\u043a\u043e\u0457 \u043c\u043e\u0432\u0438 \u0454 \u043a\u043b\u044e\u0447\u043e\u0432\u0438\u043c \u0435\u043b\u0435\u043c\u0435\u043d\u0442\u043e\u043c \u0456\u043d\u0442\u0435\u0433\u0440\u0430\u0446\u0456\u0457 \u0442\u0430 \u043f\u043e\u0432\u0441\u044f\u043a\u0434\u0435\u043d\u043d\u043e\u0433\u043e \u0436\u0438\u0442\u0442\u044f \u0432 \u043d\u043e\u0432\u043e\u043c\u0443 \u0441\u0435\u0440\u0435\u0434\u043e\u0432\u0438\u0449\u0456 \u0434\u043b\u044f \u0434\u0456\u0442\u0435\u0439 \u0456 \u0434\u043e\u0440\u043e\u0441\u043b\u0438\u0445 \u0437 \u0423\u043a\u0440\u0430\u0457\u043d\u0438. \u0423 \u0432\u0456\u0434\u043f\u043e\u0432\u0456\u0434\u044c \u043d\u0430 \u0446\u0456 \u043f\u043e\u0442\u0440\u0435\u0431\u0438 \u0441\u0442\u0432\u043e\u0440\u0435\u043d\u043e \u0431\u0430\u0433\u0430\u0442\u043e \u0456\u043d\u0456\u0446\u0456\u0430\u0442\u0438\u0432 \u0456 \u043e\u0441\u0432\u0456\u0442\u043d\u0456\u0445 \u043f\u043b\u0430\u0442\u0444\u043e\u0440\u043c, \u044f\u043a\u0456 \u043f\u0440\u043e\u043f\u043e\u043d\u0443\u044e\u0442\u044c \u0431\u0435\u0437\u043a\u043e\u0448\u0442\u043e\u0432\u043d\u0456 \u043a\u0443\u0440\u0441\u0438, \u043d\u0430\u0432\u0447\u0430\u043b\u044c\u043d\u0456 \u043c\u0430\u0442\u0435\u0440\u0456\u0430\u043b\u0438 \u0442\u0430 \u0456\u043d\u0442\u0435\u0433\u0440\u0430\u0446\u0456\u0439\u043d\u0456 \u0437\u0430\u043d\u044f\u0442\u0442\u044f, \u0449\u043e \u043f\u0456\u0434\u0442\u0440\u0438\u043c\u0443\u044e\u0442\u044c \u0432\u0438\u0432\u0447\u0435\u043d\u043d\u044f \u043f\u043e\u043b\u044c\u0441\u044c\u043a\u043e\u0457 \u043c\u043e\u0432\u0438 \u044f\u043a \u0456\u043d\u043e\u0437\u0435\u043c\u043d\u043e\u0457. \u041d\u0438\u0436\u0447\u0435 \u043c\u0438 \u043f\u0440\u0435\u0434\u0441\u0442\u0430\u0432\u043b\u044f\u0454\u043c\u043e \u043e\u0431\u0440\u0430\u043d\u0456 \u0440\u0435\u0441\u0443\u0440\u0441\u0438, \u0437\u0430\u0432\u0434\u044f\u043a\u0438 \u044f\u043a\u0438\u043c \u044f\u043a \u0443\u0447\u043d\u0456, [&hellip;]<\/p>","protected":false},"author":1,"featured_media":0,"parent":0,"menu_order":0,"comment_status":"closed","ping_status":"closed","template":"","meta":{"footnotes":""},"class_list":["post-762","page","type-page","status-publish","hentry"],"_links":{"self":[{"href":"https:\/\/osvita.kielce.eu\/pl\/wp-json\/wp\/v2\/pages\/762","targetHints":{"allow":["GET"]}}],"collection":[{"href":"https:\/\/osvita.kielce.eu\/pl\/wp-json\/wp\/v2\/pages"}],"about":[{"href":"https:\/\/osvita.kielce.eu\/pl\/wp-json\/wp\/v2\/types\/page"}],"author":[{"embeddable":true,"href":"https:\/\/osvita.kielce.eu\/pl\/wp-json\/wp\/v2\/users\/1"}],"replies":[{"embeddable":true,"href":"https:\/\/osvita.kielce.eu\/pl\/wp-json\/wp\/v2\/comments?post=762"}],"version-history":[{"count":3,"href":"https:\/\/osvita.kielce.eu\/pl\/wp-json\/wp\/v2\/pages\/762\/revisions"}],"predecessor-version":[{"id":766,"href":"https:\/\/osvita.kielce.eu\/pl\/wp-json\/wp\/v2\/pages\/762\/revisions\/766"}],"wp:attachment":[{"href":"https:\/\/osvita.kielce.eu\/pl\/wp-json\/wp\/v2\/media?parent=762"}],"curies":[{"name":"wp","href":"https:\/\/api.w.org\/{rel}","templated":true}]}}