{"id":789,"date":"2025-04-24T08:51:50","date_gmt":"2025-04-24T06:51:50","guid":{"rendered":"https:\/\/osvita.kielce.eu\/?page_id=789"},"modified":"2025-04-24T14:15:14","modified_gmt":"2025-04-24T12:15:14","slug":"zapys-i-nabir-do-perszych-klasiv-pochatkovykh-shkil-u-misti-keltse","status":"publish","type":"page","link":"https:\/\/osvita.kielce.eu\/pl\/zapys-i-nabir-do-perszych-klasiv-pochatkovykh-shkil-u-misti-keltse\/","title":{"rendered":"Zapisy i rekrutacja do klas pierwszych szk\u00f3\u0142 podstawowych"},"content":{"rendered":"<p>W Kielcach procedury przyj\u0119\u0107 dzieci do klas pierwszych szk\u00f3\u0142 podstawowych s\u0105 \u015bci\u015ble okre\u015blone i rozdzielone na zapisy (dotycz\u0105ce dzieci z obwodu szko\u0142y) oraz rekrutacj\u0119 (dla kandydat\u00f3w spoza obwodu).<\/p>\n\n\n\n<h3 class=\"wp-block-heading\">Zapisy dzieci z obwodu szko\u0142y<\/h3>\n\n\n\n<ul class=\"wp-block-list\">\n<li>Obw\u00f3d szko\u0142y to wyznaczony rejon, w kt\u00f3rym zamieszka\u0142e dzieci maj\u0105 zagwarantowane miejsce w danej szkole podstawowej. Granice obwod\u00f3w s\u0105 okre\u015blone w za\u0142\u0105czniku do uchwa\u0142y Rady Miasta Kielce nr XVIII\/334\/2025 i obowi\u0105zuj\u0105 od 1 wrze\u015bnia 2025 r.<\/li>\n\n\n\n<li>Zapisy dotycz\u0105 dzieci zamieszka\u0142ych w obwodzie szko\u0142y. Rodzice lub prawni opiekunowie sk\u0142adaj\u0105 zg\u0142oszenie dziecka do klasy pierwszej w sekretariacie szko\u0142y, do kt\u00f3rej dziecko nale\u017cy z obwodu. Zg\u0142oszenie odbywa si\u0119 osobi\u015bcie, w godzinach pracy sekretariatu, z okazaniem aktu urodzenia lub innego dokumentu potwierdzaj\u0105cego dane dziecka, w tym numer PESEL.<\/li>\n\n\n\n<li>Dzieci z obwodu s\u0105 przyjmowane do szko\u0142y z urz\u0119du, na podstawie zg\u0142oszenia \u2013 nie bior\u0105 udzia\u0142u w rekrutacji punktowanej.<\/li>\n<\/ul>\n\n\n\n<h3 class=\"wp-block-heading\">Rekrutacja dzieci spoza obwodu<\/h3>\n\n\n\n<ul class=\"wp-block-list\">\n<li>Rekrutacja dotyczy dzieci zamieszka\u0142ych poza obwodem danej szko\u0142y. Mo\u017ce si\u0119 odby\u0107 tylko w przypadku, gdy po zako\u0144czeniu zapis\u00f3w dzieci z obwodu szko\u0142a dysponuje wolnymi miejscami.<\/li>\n\n\n\n<li>Rodzice kandydat\u00f3w spoza obwodu sk\u0142adaj\u0105 wniosek o przyj\u0119cie wraz z wymaganymi dokumentami w terminach okre\u015blonych w Zarz\u0105dzeniu nr 20\/2025 Prezydenta Miasta Kielce.<\/li>\n\n\n\n<li>O przyj\u0119ciu decyduje komisja rekrutacyjna na podstawie ustalonych kryteri\u00f3w. Listy zakwalifikowanych i niezakwalifikowanych kandydat\u00f3w s\u0105 publikowane w terminach okre\u015blonych w harmonogramie.<\/li>\n\n\n\n<li>W przypadku wi\u0119kszej liczby kandydat\u00f3w ni\u017c wolnych miejsc, stosowane s\u0105 kryteria ustawowe i samorz\u0105dowe.<\/li>\n<\/ul>\n\n\n\n<h3 class=\"wp-block-heading\">Terminy rekrutacji i zapis\u00f3w na rok szkolny 2025\/2026<\/h3>\n\n\n\n<ul class=\"wp-block-list\">\n<li>Zapisy dzieci z obwodu: trwaj\u0105 w wyznaczonym przez szko\u0142\u0119 terminie, zwykle od pocz\u0105tku roku do wiosny (szczeg\u00f3\u0142y w sekretariatach szk\u00f3\u0142).<\/li>\n\n\n\n<li>Rekrutacja dzieci spoza obwodu:<\/li>\n<\/ul>\n\n\n\n<figure class=\"wp-block-table\"><table class=\"has-fixed-layout\"><tbody><tr><td><strong>Rodzaj czynno\u015bci<\/strong><\/td><td><strong>Termin w post\u0119powaniu rekrutacyjnym<\/strong><\/td><td><strong>Termin w post\u0119powaniu uzupe\u0142niaj\u0105cym<\/strong><\/td><\/tr><tr><td>Z\u0142o\u017cenie wniosku o przyj\u0119cie do szko\u0142y podstawowej wraz z dokumentami potwierdzaj\u0105cymi spe\u0142nienie przez kandydata warunk\u00f3w lub kryteri\u00f3w branych pod uwag\u0119 w post\u0119powaniu.<\/td><td>05.05.2025r.-09.05.2025r. do godz. 15:00<\/td><td>05.06.2025r.-11.06.2025r. do godz. 15:00<\/td><\/tr><tr><td>Podanie do publicznej wiadomo\u015bci przez komisj\u0119 rekrutacyjn\u0105 listy kandydat\u00f3w zakwalifikowanych i kandydat\u00f3w niezakwalifikowanych.<\/td><td>23.05.2025r. do godz. 12:00<\/td><td>26.06.2025r. do godz. 12:00<\/td><\/tr><tr><td>Potwierdzanie przez rodzica kandydata woli przyj\u0119cia w postaci pisemnego o\u015bwiadczenia.<\/td><td>do 29.05.2025r. do godz. 15:00<\/td><td>do 01.07.2025r. do godz. 15:00<\/td><\/tr><tr><td>Podanie do publicznej wiadomo\u015bci przez komisj\u0119 rekrutacyjn\u0105 listy kandydat\u00f3w przyj\u0119tych i kandydat\u00f3w nieprzyj\u0119tych.<\/td><td>03.06.2025r. godz. 12:00<\/td><td>04.07.2025r. godz. 12:00<\/td><\/tr><\/tbody><\/table><\/figure>\n\n\n\n<h3 class=\"wp-block-heading\">Podstawy prawne i szczeg\u00f3\u0142owe informacje<\/h3>\n\n\n\n<ul class=\"wp-block-list\">\n<li>Plan sieci szk\u00f3\u0142 i granice obwod\u00f3w: <a href=\"https:\/\/edziennik.kielce.uw.gov.pl\/WDU_T\/2025\/1497\/oryginal\/akt.pdf\">Uchwa\u0142a Rady Miasta Kielce nr XVIII\/334\/2025 z 3 kwietnia 2025 r.<\/a>.<\/li>\n\n\n\n<li>Terminy i procedury rekrutacji: <a href=\"https:\/\/bipum.kielce.eu\/resource\/29079\/Zarz%25C4%2585dzenie_Prezydenta+Nr+20_2025.pdf\">Zarz\u0105dzenie nr 20\/2025 Prezydenta Miasta Kielce z 13 stycznia 2025 r.<\/a>.<\/li>\n\n\n\n<li>Szczeg\u00f3\u0142owe informacje, formularze i wzory dokument\u00f3w dost\u0119pne s\u0105 w sekretariatach szk\u00f3\u0142 oraz na ich stronach internetowych.<\/li>\n<\/ul>\n\n\n\n<h3 class=\"wp-block-heading\">Podsumowanie<\/h3>\n\n\n\n<p> W Kielcach dzieci z obwodu szko\u0142y s\u0105 zapisywane na podstawie zg\u0142oszenia i przyjmowane z urz\u0119du. Dzieci spoza obwodu bior\u0105 udzia\u0142 w rekrutacji, kt\u00f3ra odbywa si\u0119 wed\u0142ug okre\u015blonych kryteri\u00f3w i harmonogramu, wy\u0142\u0105cznie w przypadku wolnych miejsc. Szczeg\u00f3\u0142owe zasady okre\u015blaj\u0105 akty prawa miejscowego oraz informacje publikowane przez szko\u0142y.<\/p>","protected":false},"excerpt":{"rendered":"<p>\u0423 \u043c\u0456\u0441\u0442\u0456 \u041a\u0435\u043b\u044c\u0446\u0435 \u043f\u0440\u043e\u0446\u0435\u0434\u0443\u0440\u0438 \u043f\u0440\u0438\u0439\u043e\u043c\u0443 \u0434\u0456\u0442\u0435\u0439 \u0434\u043e \u043f\u0435\u0440\u0448\u0438\u0445 \u043a\u043b\u0430\u0441\u0456\u0432 \u043f\u043e\u0447\u0430\u0442\u043a\u043e\u0432\u0438\u0445 \u0448\u043a\u0456\u043b \u0447\u0456\u0442\u043a\u043e \u0432\u0438\u0437\u043d\u0430\u0447\u0435\u043d\u0456 \u0442\u0430 \u0440\u043e\u0437\u0434\u0456\u043b\u0435\u043d\u0456 \u043d\u0430 \u0437\u0430\u043f\u0438\u0441 (\u0434\u043b\u044f \u0434\u0456\u0442\u0435\u0439, \u044f\u043a\u0456 \u043f\u0440\u043e\u0436\u0438\u0432\u0430\u044e\u0442\u044c \u0443 \u0448\u043a\u0456\u043b\u044c\u043d\u043e\u043c\u0443 \u043e\u043a\u0440\u0443\u0437\u0456) \u0442\u0430 \u043d\u0430\u0431\u0456\u0440 (\u0434\u043b\u044f \u043a\u0430\u043d\u0434\u0438\u0434\u0430\u0442\u0456\u0432 \u0437-\u0437\u0430 \u043c\u0435\u0436 \u043e\u043a\u0440\u0443\u0433\u0443). \u0417\u0430\u043f\u0438\u0441 \u0434\u0456\u0442\u0435\u0439 \u0437\u0456 \u0448\u043a\u0456\u043b\u044c\u043d\u043e\u0433\u043e \u043e\u043a\u0440\u0443\u0433\u0443 \u041d\u0430\u0431\u0456\u0440 \u0434\u0456\u0442\u0435\u0439 \u0437-\u0437\u0430 \u043c\u0435\u0436 \u043e\u043a\u0440\u0443\u0433\u0443 \u0422\u0435\u0440\u043c\u0456\u043d\u0438 \u043d\u0430\u0431\u043e\u0440\u0443 \u0442\u0430 \u0437\u0430\u043f\u0438\u0441\u0443 \u043d\u0430 2025\/2026 \u043d\u0430\u0432\u0447\u0430\u043b\u044c\u043d\u0438\u0439 \u0440\u0456\u043a \u0412\u0438\u0434 \u0434\u0456\u0457 \u0422\u0435\u0440\u043c\u0456\u043d \u0443 \u043e\u0441\u043d\u043e\u0432\u043d\u0456\u0439 \u043f\u0440\u043e\u0446\u0435\u0434\u0443\u0440\u0456 [&hellip;]<\/p>","protected":false},"author":1,"featured_media":0,"parent":0,"menu_order":0,"comment_status":"closed","ping_status":"closed","template":"","meta":{"footnotes":""},"class_list":["post-789","page","type-page","status-publish","hentry"],"_links":{"self":[{"href":"https:\/\/osvita.kielce.eu\/pl\/wp-json\/wp\/v2\/pages\/789","targetHints":{"allow":["GET"]}}],"collection":[{"href":"https:\/\/osvita.kielce.eu\/pl\/wp-json\/wp\/v2\/pages"}],"about":[{"href":"https:\/\/osvita.kielce.eu\/pl\/wp-json\/wp\/v2\/types\/page"}],"author":[{"embeddable":true,"href":"https:\/\/osvita.kielce.eu\/pl\/wp-json\/wp\/v2\/users\/1"}],"replies":[{"embeddable":true,"href":"https:\/\/osvita.kielce.eu\/pl\/wp-json\/wp\/v2\/comments?post=789"}],"version-history":[{"count":14,"href":"https:\/\/osvita.kielce.eu\/pl\/wp-json\/wp\/v2\/pages\/789\/revisions"}],"predecessor-version":[{"id":827,"href":"https:\/\/osvita.kielce.eu\/pl\/wp-json\/wp\/v2\/pages\/789\/revisions\/827"}],"wp:attachment":[{"href":"https:\/\/osvita.kielce.eu\/pl\/wp-json\/wp\/v2\/media?parent=789"}],"curies":[{"name":"wp","href":"https:\/\/api.w.org\/{rel}","templated":true}]}}